{"id":3698,"date":"2021-07-21T08:38:09","date_gmt":"2021-07-21T08:38:09","guid":{"rendered":"https:\/\/etruscan.qodeinteractive.com\/?page_id=3698"},"modified":"2021-07-21T08:38:09","modified_gmt":"2021-07-21T08:38:09","slug":"order-tracking","status":"publish","type":"page","link":"https:\/\/www.signaturebya.com\/?page_id=3698","title":{"rendered":"Order Tracking"},"content":{"rendered":"\t\t<div data-elementor-type=\"wp-page\" data-elementor-id=\"3698\" class=\"elementor elementor-3698\">\n\t\t\t\t\t\t<div class=\"elementor-inner\">\n\t\t\t\t<div class=\"elementor-section-wrap\">\n\t\t\t\t\t\t\t\t\t<section class=\"elementor-section elementor-top-section elementor-element elementor-element-6c92533 elementor-section-full_width qodef-elementor-content-grid elementor-section-height-default elementor-section-height-default\" data-id=\"6c92533\" data-element_type=\"section\">\n\t\t\t\t\t\t<div class=\"elementor-container elementor-column-gap-default\">\n\t\t\t\t\t\t\t<div class=\"elementor-row\">\n\t\t\t\t\t<div class=\"elementor-column elementor-col-100 elementor-top-column elementor-element elementor-element-9cf2e82\" data-id=\"9cf2e82\" data-element_type=\"column\">\n\t\t\t<div class=\"elementor-column-wrap elementor-element-populated\">\n\t\t\t\t\t\t\t<div class=\"elementor-widget-wrap\">\n\t\t\t\t\t\t<div class=\"elementor-element elementor-element-882d23e elementor-widget elementor-widget-etruscan_core_section_title\" data-id=\"882d23e\" data-element_type=\"widget\" data-widget_type=\"etruscan_core_section_title.default\">\n\t\t\t\t<div class=\"elementor-widget-container\">\n\t\t\t<div class=\"qodef-shortcode qodef-m  qodef-section-title qodef-alignment--left \">\n\t\t\t<h1 class=\"qodef-m-title\" >\n\t\t\t\t\tTrack your order\t\t\t<\/h1>\n\t<\/div>\n\t\t<\/div>\n\t\t\t\t<\/div>\n\t\t\t\t<div class=\"elementor-element elementor-element-5da8fd5 elementor-widget elementor-widget-etruscan_core_order_tracking\" data-id=\"5da8fd5\" data-element_type=\"widget\" data-widget_type=\"etruscan_core_order_tracking.default\">\n\t\t\t\t<div class=\"elementor-widget-container\">\n\t\t\t<div class=\"qodef-shortcode qodef-m  qodef-order-tracking\">\n\t<div class=\"woocommerce\">\n<form action=\"https:\/\/www.signaturebya.com\/?page_id=3698\" method=\"post\" class=\"woocommerce-form woocommerce-form-track-order track_order\">\n\n\t\n\t<p>Pour suivre votre commande veuillez saisir votre ID de commande dans la boite ci-dessous et cliquer le bouton \u00ab\u00a0Suivre\u00a0\u00bb. Il vous a \u00e9t\u00e9 donn\u00e9 sur votre re\u00e7u et dans l\u2019e-mail de confirmation que vous avez du recevoir.<\/p>\n\n\t<p class=\"form-row form-row-first\"><label for=\"orderid\">N&deg; de commande<\/label> <input class=\"input-text\" type=\"text\" name=\"orderid\" id=\"orderid\" value=\"\" placeholder=\"Pr\u00e9sent dans l\u2019e-mail de confirmation de commande.\" \/><\/p>\t<p class=\"form-row form-row-last\"><label for=\"order_email\">E-mail de facturation<\/label> <input class=\"input-text\" type=\"text\" name=\"order_email\" id=\"order_email\" value=\"\" placeholder=\"E-mail utilis\u00e9 pour la commande.\" \/><\/p>\t<div class=\"clear\"><\/div>\n\n\t\n\t<p class=\"form-row\"><button type=\"submit\" class=\"button\" name=\"track\" value=\"Suivre\">Suivre<\/button><\/p>\n\t<input type=\"hidden\" id=\"woocommerce-order-tracking-nonce\" name=\"woocommerce-order-tracking-nonce\" value=\"b24dd7b7b2\" \/><input type=\"hidden\" name=\"_wp_http_referer\" value=\"\/index.php?rest_route=%2Fwp%2Fv2%2Fpages%2F3698\" \/>\n\t\n<\/form>\n<\/div><\/div>\n\t\t<\/div>\n\t\t\t\t<\/div>\n\t\t\t\t\t\t<\/div>\n\t\t\t\t\t<\/div>\n\t\t<\/div>\n\t\t\t\t\t\t\t\t<\/div>\n\t\t\t\t\t<\/div>\n\t\t<\/section>\n\t\t\t\t\t\t\t\t\t<\/div>\n\t\t\t<\/div>\n\t\t\t\t\t<\/div>\n\t\t","protected":false},"excerpt":{"rendered":"<p>Track your order To track your order please enter your Order ID in the box below and press the \u00ab\u00a0Track\u00a0\u00bb button. This was given to you on your receipt and in the confirmation email you should have received. Order ID Billing email Track<\/p>\n","protected":false},"author":1,"featured_media":0,"parent":8324,"menu_order":0,"comment_status":"closed","ping_status":"closed","template":"page-full-width.php","meta":{"footnotes":""},"_links":{"self":[{"href":"https:\/\/www.signaturebya.com\/index.php?rest_route=\/wp\/v2\/pages\/3698"}],"collection":[{"href":"https:\/\/www.signaturebya.com\/index.php?rest_route=\/wp\/v2\/pages"}],"about":[{"href":"https:\/\/www.signaturebya.com\/index.php?rest_route=\/wp\/v2\/types\/page"}],"author":[{"embeddable":true,"href":"https:\/\/www.signaturebya.com\/index.php?rest_route=\/wp\/v2\/users\/1"}],"replies":[{"embeddable":true,"href":"https:\/\/www.signaturebya.com\/index.php?rest_route=%2Fwp%2Fv2%2Fcomments&post=3698"}],"version-history":[{"count":0,"href":"https:\/\/www.signaturebya.com\/index.php?rest_route=\/wp\/v2\/pages\/3698\/revisions"}],"up":[{"embeddable":true,"href":"https:\/\/www.signaturebya.com\/index.php?rest_route=\/wp\/v2\/pages\/8324"}],"wp:attachment":[{"href":"https:\/\/www.signaturebya.com\/index.php?rest_route=%2Fwp%2Fv2%2Fmedia&parent=3698"}],"curies":[{"name":"wp","href":"https:\/\/api.w.org\/{rel}","templated":true}]}}