{"id":10036,"date":"2023-10-15T08:24:13","date_gmt":"2023-10-15T07:24:13","guid":{"rendered":"https:\/\/www.signaturebya.com\/?post_type=product&#038;p=10036"},"modified":"2024-02-10T07:50:35","modified_gmt":"2024-02-10T06:50:35","slug":"poire-argentee-en-ceramique","status":"publish","type":"product","link":"https:\/\/www.signaturebya.com\/?product=poire-argentee-en-ceramique","title":{"rendered":"Poire Argent\u00e9e en C\u00e9ramique"},"content":{"rendered":"","protected":false},"excerpt":{"rendered":"<p>Tr\u00e8s jolie poire \u00e0 poser une votre table basse, console ou table d&rsquo;appoint, un objet de d\u00e9coration tr\u00e8s tendance:)<\/p>\n<p>Dimensions: 12*12*19cm<\/p>\n","protected":false},"featured_media":10040,"comment_status":"closed","ping_status":"closed","template":"","meta":[],"product_cat":[103,105,188],"product_tag":[117,160,127],"_links":{"self":[{"href":"https:\/\/www.signaturebya.com\/index.php?rest_route=\/wp\/v2\/product\/10036"}],"collection":[{"href":"https:\/\/www.signaturebya.com\/index.php?rest_route=\/wp\/v2\/product"}],"about":[{"href":"https:\/\/www.signaturebya.com\/index.php?rest_route=\/wp\/v2\/types\/product"}],"replies":[{"embeddable":true,"href":"https:\/\/www.signaturebya.com\/index.php?rest_route=%2Fwp%2Fv2%2Fcomments&post=10036"}],"wp:featuredmedia":[{"embeddable":true,"href":"https:\/\/www.signaturebya.com\/index.php?rest_route=\/wp\/v2\/media\/10040"}],"wp:attachment":[{"href":"https:\/\/www.signaturebya.com\/index.php?rest_route=%2Fwp%2Fv2%2Fmedia&parent=10036"}],"wp:term":[{"taxonomy":"product_cat","embeddable":true,"href":"https:\/\/www.signaturebya.com\/index.php?rest_route=%2Fwp%2Fv2%2Fproduct_cat&post=10036"},{"taxonomy":"product_tag","embeddable":true,"href":"https:\/\/www.signaturebya.com\/index.php?rest_route=%2Fwp%2Fv2%2Fproduct_tag&post=10036"}],"curies":[{"name":"wp","href":"https:\/\/api.w.org\/{rel}","templated":true}]}}