{"id":10062,"date":"2023-10-15T10:27:18","date_gmt":"2023-10-15T09:27:18","guid":{"rendered":"https:\/\/www.signaturebya.com\/?post_type=product&#038;p=10062"},"modified":"2024-01-30T09:53:39","modified_gmt":"2024-01-30T08:53:39","slug":"poisson-noir-blanc-peint-a-la-main","status":"publish","type":"product","link":"https:\/\/www.signaturebya.com\/?product=poisson-noir-blanc-peint-a-la-main","title":{"rendered":"Poisson Noir &#038; Blanc Peint \u00e0 la Main"},"content":{"rendered":"","protected":false},"excerpt":{"rendered":"<p>Un joli poisson en c\u00e9ramique peint \u00e0 la main.<\/p>\n<p class=\"p1\">Dimensions : 19*10*17 cm<\/p>\n","protected":false},"featured_media":10065,"comment_status":"open","ping_status":"closed","template":"","meta":[],"product_cat":[103,105,112],"product_tag":[],"_links":{"self":[{"href":"https:\/\/www.signaturebya.com\/index.php?rest_route=\/wp\/v2\/product\/10062"}],"collection":[{"href":"https:\/\/www.signaturebya.com\/index.php?rest_route=\/wp\/v2\/product"}],"about":[{"href":"https:\/\/www.signaturebya.com\/index.php?rest_route=\/wp\/v2\/types\/product"}],"replies":[{"embeddable":true,"href":"https:\/\/www.signaturebya.com\/index.php?rest_route=%2Fwp%2Fv2%2Fcomments&post=10062"}],"wp:featuredmedia":[{"embeddable":true,"href":"https:\/\/www.signaturebya.com\/index.php?rest_route=\/wp\/v2\/media\/10065"}],"wp:attachment":[{"href":"https:\/\/www.signaturebya.com\/index.php?rest_route=%2Fwp%2Fv2%2Fmedia&parent=10062"}],"wp:term":[{"taxonomy":"product_cat","embeddable":true,"href":"https:\/\/www.signaturebya.com\/index.php?rest_route=%2Fwp%2Fv2%2Fproduct_cat&post=10062"},{"taxonomy":"product_tag","embeddable":true,"href":"https:\/\/www.signaturebya.com\/index.php?rest_route=%2Fwp%2Fv2%2Fproduct_tag&post=10062"}],"curies":[{"name":"wp","href":"https:\/\/api.w.org\/{rel}","templated":true}]}}