{"id":10075,"date":"2023-10-15T11:00:14","date_gmt":"2023-10-15T10:00:14","guid":{"rendered":"https:\/\/www.signaturebya.com\/?post_type=product&#038;p=10075"},"modified":"2024-01-30T09:53:38","modified_gmt":"2024-01-30T08:53:38","slug":"petit-cube-noir-blanc-en-resine","status":"publish","type":"product","link":"https:\/\/www.signaturebya.com\/?product=petit-cube-noir-blanc-en-resine","title":{"rendered":"Petit Cube Noir &#038; Blanc en R\u00e9sine"},"content":{"rendered":"","protected":false},"excerpt":{"rendered":"<p>Mille et une fa\u00e7ons de disposer ces jolis cubes..de diff\u00e9rentes dimensions&#8230;<\/p>\n<p class=\"p1\">Dimensions : 7,5*7,5*7,5 cm<\/p>\n","protected":false},"featured_media":10071,"comment_status":"open","ping_status":"closed","template":"","meta":[],"product_cat":[103,119,105,112],"product_tag":[],"_links":{"self":[{"href":"https:\/\/www.signaturebya.com\/index.php?rest_route=\/wp\/v2\/product\/10075"}],"collection":[{"href":"https:\/\/www.signaturebya.com\/index.php?rest_route=\/wp\/v2\/product"}],"about":[{"href":"https:\/\/www.signaturebya.com\/index.php?rest_route=\/wp\/v2\/types\/product"}],"replies":[{"embeddable":true,"href":"https:\/\/www.signaturebya.com\/index.php?rest_route=%2Fwp%2Fv2%2Fcomments&post=10075"}],"wp:featuredmedia":[{"embeddable":true,"href":"https:\/\/www.signaturebya.com\/index.php?rest_route=\/wp\/v2\/media\/10071"}],"wp:attachment":[{"href":"https:\/\/www.signaturebya.com\/index.php?rest_route=%2Fwp%2Fv2%2Fmedia&parent=10075"}],"wp:term":[{"taxonomy":"product_cat","embeddable":true,"href":"https:\/\/www.signaturebya.com\/index.php?rest_route=%2Fwp%2Fv2%2Fproduct_cat&post=10075"},{"taxonomy":"product_tag","embeddable":true,"href":"https:\/\/www.signaturebya.com\/index.php?rest_route=%2Fwp%2Fv2%2Fproduct_tag&post=10075"}],"curies":[{"name":"wp","href":"https:\/\/api.w.org\/{rel}","templated":true}]}}