{"id":10076,"date":"2023-10-15T11:05:31","date_gmt":"2023-10-15T10:05:31","guid":{"rendered":"https:\/\/www.signaturebya.com\/?post_type=product&#038;p=10076"},"modified":"2023-10-15T11:06:44","modified_gmt":"2023-10-15T10:06:44","slug":"cube-bleu-blanc-en-resine","status":"publish","type":"product","link":"https:\/\/www.signaturebya.com\/?product=cube-bleu-blanc-en-resine","title":{"rendered":"Cube Bleu &#038; Blanc en R\u00e9sine"},"content":{"rendered":"","protected":false},"excerpt":{"rendered":"<p>Mille et une fa\u00e7ons de disposer ces jolis cubes..de diff\u00e9rentes dimensions&#8230;<\/p>\n<p class=\"p1\">Dimensions : 11*11*11 cm<\/p>\n","protected":false},"featured_media":10068,"comment_status":"open","ping_status":"closed","template":"","meta":[],"product_cat":[103,119,105],"product_tag":[],"_links":{"self":[{"href":"https:\/\/www.signaturebya.com\/index.php?rest_route=\/wp\/v2\/product\/10076"}],"collection":[{"href":"https:\/\/www.signaturebya.com\/index.php?rest_route=\/wp\/v2\/product"}],"about":[{"href":"https:\/\/www.signaturebya.com\/index.php?rest_route=\/wp\/v2\/types\/product"}],"replies":[{"embeddable":true,"href":"https:\/\/www.signaturebya.com\/index.php?rest_route=%2Fwp%2Fv2%2Fcomments&post=10076"}],"wp:featuredmedia":[{"embeddable":true,"href":"https:\/\/www.signaturebya.com\/index.php?rest_route=\/wp\/v2\/media\/10068"}],"wp:attachment":[{"href":"https:\/\/www.signaturebya.com\/index.php?rest_route=%2Fwp%2Fv2%2Fmedia&parent=10076"}],"wp:term":[{"taxonomy":"product_cat","embeddable":true,"href":"https:\/\/www.signaturebya.com\/index.php?rest_route=%2Fwp%2Fv2%2Fproduct_cat&post=10076"},{"taxonomy":"product_tag","embeddable":true,"href":"https:\/\/www.signaturebya.com\/index.php?rest_route=%2Fwp%2Fv2%2Fproduct_tag&post=10076"}],"curies":[{"name":"wp","href":"https:\/\/api.w.org\/{rel}","templated":true}]}}