{"id":10117,"date":"2023-10-16T20:07:56","date_gmt":"2023-10-16T19:07:56","guid":{"rendered":"https:\/\/www.signaturebya.com\/?post_type=product&#038;p=10117"},"modified":"2025-05-09T08:30:47","modified_gmt":"2025-05-09T07:30:47","slug":"le-face-book-en-resine","status":"publish","type":"product","link":"https:\/\/www.signaturebya.com\/?product=le-face-book-en-resine","title":{"rendered":"Le &lsquo;Face Book&rsquo; Bronze en R\u00e9sine"},"content":{"rendered":"","protected":false},"excerpt":{"rendered":"<p>The &lsquo;Face Book&rsquo;, en r\u00e9sine est un objet d&rsquo;art moderne \u00e0 avoir absolument chez soi.<\/p>\n<p class=\"p1\">Dimensions: 22*14*30 cm<\/p>\n","protected":false},"featured_media":11385,"comment_status":"open","ping_status":"closed","template":"","meta":[],"product_cat":[103,119,105,284],"product_tag":[],"_links":{"self":[{"href":"https:\/\/www.signaturebya.com\/index.php?rest_route=\/wp\/v2\/product\/10117"}],"collection":[{"href":"https:\/\/www.signaturebya.com\/index.php?rest_route=\/wp\/v2\/product"}],"about":[{"href":"https:\/\/www.signaturebya.com\/index.php?rest_route=\/wp\/v2\/types\/product"}],"replies":[{"embeddable":true,"href":"https:\/\/www.signaturebya.com\/index.php?rest_route=%2Fwp%2Fv2%2Fcomments&post=10117"}],"wp:featuredmedia":[{"embeddable":true,"href":"https:\/\/www.signaturebya.com\/index.php?rest_route=\/wp\/v2\/media\/11385"}],"wp:attachment":[{"href":"https:\/\/www.signaturebya.com\/index.php?rest_route=%2Fwp%2Fv2%2Fmedia&parent=10117"}],"wp:term":[{"taxonomy":"product_cat","embeddable":true,"href":"https:\/\/www.signaturebya.com\/index.php?rest_route=%2Fwp%2Fv2%2Fproduct_cat&post=10117"},{"taxonomy":"product_tag","embeddable":true,"href":"https:\/\/www.signaturebya.com\/index.php?rest_route=%2Fwp%2Fv2%2Fproduct_tag&post=10117"}],"curies":[{"name":"wp","href":"https:\/\/api.w.org\/{rel}","templated":true}]}}