{"id":10121,"date":"2023-10-16T20:14:41","date_gmt":"2023-10-16T19:14:41","guid":{"rendered":"https:\/\/www.signaturebya.com\/?post_type=product&#038;p=10121"},"modified":"2024-01-27T08:43:45","modified_gmt":"2024-01-27T07:43:45","slug":"statuette-femme-en-maillot-de-bain","status":"publish","type":"product","link":"https:\/\/www.signaturebya.com\/?product=statuette-femme-en-maillot-de-bain","title":{"rendered":"Statuette Femme en Maillot de Bain"},"content":{"rendered":"","protected":false},"excerpt":{"rendered":"<p>Une statuette color\u00e9e et des plus orginales pour apporter de la fraicheur dans votre int\u00e9rieur. Il s&rsquo;agit aussi d&rsquo;une excellente id\u00e9e cadeau.<\/p>\n<p class=\"p1\">Dimensions: 21*23.5*21 cm<\/p>\n","protected":false},"featured_media":10123,"comment_status":"open","ping_status":"closed","template":"","meta":[],"product_cat":[103,119,105],"product_tag":[],"_links":{"self":[{"href":"https:\/\/www.signaturebya.com\/index.php?rest_route=\/wp\/v2\/product\/10121"}],"collection":[{"href":"https:\/\/www.signaturebya.com\/index.php?rest_route=\/wp\/v2\/product"}],"about":[{"href":"https:\/\/www.signaturebya.com\/index.php?rest_route=\/wp\/v2\/types\/product"}],"replies":[{"embeddable":true,"href":"https:\/\/www.signaturebya.com\/index.php?rest_route=%2Fwp%2Fv2%2Fcomments&post=10121"}],"wp:featuredmedia":[{"embeddable":true,"href":"https:\/\/www.signaturebya.com\/index.php?rest_route=\/wp\/v2\/media\/10123"}],"wp:attachment":[{"href":"https:\/\/www.signaturebya.com\/index.php?rest_route=%2Fwp%2Fv2%2Fmedia&parent=10121"}],"wp:term":[{"taxonomy":"product_cat","embeddable":true,"href":"https:\/\/www.signaturebya.com\/index.php?rest_route=%2Fwp%2Fv2%2Fproduct_cat&post=10121"},{"taxonomy":"product_tag","embeddable":true,"href":"https:\/\/www.signaturebya.com\/index.php?rest_route=%2Fwp%2Fv2%2Fproduct_tag&post=10121"}],"curies":[{"name":"wp","href":"https:\/\/api.w.org\/{rel}","templated":true}]}}