{"id":10141,"date":"2023-10-17T08:50:23","date_gmt":"2023-10-17T07:50:23","guid":{"rendered":"https:\/\/www.signaturebya.com\/?post_type=product&#038;p=10141"},"modified":"2025-06-12T20:59:58","modified_gmt":"2025-06-12T19:59:58","slug":"figurine-main-blanche-en-resine","status":"publish","type":"product","link":"https:\/\/www.signaturebya.com\/?product=figurine-main-blanche-en-resine","title":{"rendered":"Figurine Main Blanche en R\u00e9sine"},"content":{"rendered":"","protected":false},"excerpt":{"rendered":"<p>Belle figurine de paume de main en r\u00e9sine. \u00c0 disposer sur un livre d\u00e9coratif.<\/p>\n<p class=\"p1\">Veuillez s\u00e9lectionner la dimension souhait\u00e9e.<\/p>\n","protected":false},"featured_media":10143,"comment_status":"open","ping_status":"closed","template":"","meta":[],"product_cat":[103,119,105,284,111,112],"product_tag":[],"_links":{"self":[{"href":"https:\/\/www.signaturebya.com\/index.php?rest_route=\/wp\/v2\/product\/10141"}],"collection":[{"href":"https:\/\/www.signaturebya.com\/index.php?rest_route=\/wp\/v2\/product"}],"about":[{"href":"https:\/\/www.signaturebya.com\/index.php?rest_route=\/wp\/v2\/types\/product"}],"replies":[{"embeddable":true,"href":"https:\/\/www.signaturebya.com\/index.php?rest_route=%2Fwp%2Fv2%2Fcomments&post=10141"}],"wp:featuredmedia":[{"embeddable":true,"href":"https:\/\/www.signaturebya.com\/index.php?rest_route=\/wp\/v2\/media\/10143"}],"wp:attachment":[{"href":"https:\/\/www.signaturebya.com\/index.php?rest_route=%2Fwp%2Fv2%2Fmedia&parent=10141"}],"wp:term":[{"taxonomy":"product_cat","embeddable":true,"href":"https:\/\/www.signaturebya.com\/index.php?rest_route=%2Fwp%2Fv2%2Fproduct_cat&post=10141"},{"taxonomy":"product_tag","embeddable":true,"href":"https:\/\/www.signaturebya.com\/index.php?rest_route=%2Fwp%2Fv2%2Fproduct_tag&post=10141"}],"curies":[{"name":"wp","href":"https:\/\/api.w.org\/{rel}","templated":true}]}}