{"id":10200,"date":"2023-10-19T07:48:01","date_gmt":"2023-10-19T06:48:01","guid":{"rendered":"https:\/\/www.signaturebya.com\/?post_type=product&#038;p=10200"},"modified":"2025-04-08T13:34:13","modified_gmt":"2025-04-08T12:34:13","slug":"fleurs-sechees-greges-petales-rondes","status":"publish","type":"product","link":"https:\/\/www.signaturebya.com\/?product=fleurs-sechees-greges-petales-rondes","title":{"rendered":"Branche de Fleurs S\u00e9ch\u00e9es aux P\u00e9tales Rondes"},"content":{"rendered":"","protected":false},"excerpt":{"rendered":"<p>Branches de fleurs s\u00e9ch\u00e9es en feuilles de soie, de couleur gr\u00e8ge, pouvant se marier avec toutes les couleurs de vases.<\/p>\n<p>L: 86 cm<\/p>\n","protected":false},"featured_media":10201,"comment_status":"open","ping_status":"closed","template":"","meta":[],"product_cat":[103,258,105,284,111],"product_tag":[],"_links":{"self":[{"href":"https:\/\/www.signaturebya.com\/index.php?rest_route=\/wp\/v2\/product\/10200"}],"collection":[{"href":"https:\/\/www.signaturebya.com\/index.php?rest_route=\/wp\/v2\/product"}],"about":[{"href":"https:\/\/www.signaturebya.com\/index.php?rest_route=\/wp\/v2\/types\/product"}],"replies":[{"embeddable":true,"href":"https:\/\/www.signaturebya.com\/index.php?rest_route=%2Fwp%2Fv2%2Fcomments&post=10200"}],"wp:featuredmedia":[{"embeddable":true,"href":"https:\/\/www.signaturebya.com\/index.php?rest_route=\/wp\/v2\/media\/10201"}],"wp:attachment":[{"href":"https:\/\/www.signaturebya.com\/index.php?rest_route=%2Fwp%2Fv2%2Fmedia&parent=10200"}],"wp:term":[{"taxonomy":"product_cat","embeddable":true,"href":"https:\/\/www.signaturebya.com\/index.php?rest_route=%2Fwp%2Fv2%2Fproduct_cat&post=10200"},{"taxonomy":"product_tag","embeddable":true,"href":"https:\/\/www.signaturebya.com\/index.php?rest_route=%2Fwp%2Fv2%2Fproduct_tag&post=10200"}],"curies":[{"name":"wp","href":"https:\/\/api.w.org\/{rel}","templated":true}]}}