{"id":10206,"date":"2023-10-19T07:52:33","date_gmt":"2023-10-19T06:52:33","guid":{"rendered":"https:\/\/www.signaturebya.com\/?post_type=product&#038;p=10206"},"modified":"2025-04-08T13:34:13","modified_gmt":"2025-04-08T12:34:13","slug":"bouquet-de-fleurs-sechees-eternal-flower","status":"publish","type":"product","link":"https:\/\/www.signaturebya.com\/?product=bouquet-de-fleurs-sechees-eternal-flower","title":{"rendered":"Bouquet de fleurs S\u00e9ch\u00e9es &lsquo;Eternal Flower&rsquo;"},"content":{"rendered":"","protected":false},"excerpt":{"rendered":"<p>Tr\u00e8s beaux bouquet &lsquo;Eternal Flower&rsquo; pour vos jolis vases.<\/p>\n<p>L: 55 &#8211; 60 cm<\/p>\n","protected":false},"featured_media":10203,"comment_status":"open","ping_status":"closed","template":"","meta":[],"product_cat":[103,258,105,111],"product_tag":[],"_links":{"self":[{"href":"https:\/\/www.signaturebya.com\/index.php?rest_route=\/wp\/v2\/product\/10206"}],"collection":[{"href":"https:\/\/www.signaturebya.com\/index.php?rest_route=\/wp\/v2\/product"}],"about":[{"href":"https:\/\/www.signaturebya.com\/index.php?rest_route=\/wp\/v2\/types\/product"}],"replies":[{"embeddable":true,"href":"https:\/\/www.signaturebya.com\/index.php?rest_route=%2Fwp%2Fv2%2Fcomments&post=10206"}],"wp:featuredmedia":[{"embeddable":true,"href":"https:\/\/www.signaturebya.com\/index.php?rest_route=\/wp\/v2\/media\/10203"}],"wp:attachment":[{"href":"https:\/\/www.signaturebya.com\/index.php?rest_route=%2Fwp%2Fv2%2Fmedia&parent=10206"}],"wp:term":[{"taxonomy":"product_cat","embeddable":true,"href":"https:\/\/www.signaturebya.com\/index.php?rest_route=%2Fwp%2Fv2%2Fproduct_cat&post=10206"},{"taxonomy":"product_tag","embeddable":true,"href":"https:\/\/www.signaturebya.com\/index.php?rest_route=%2Fwp%2Fv2%2Fproduct_tag&post=10206"}],"curies":[{"name":"wp","href":"https:\/\/api.w.org\/{rel}","templated":true}]}}