{"id":10207,"date":"2023-10-19T07:55:32","date_gmt":"2023-10-19T06:55:32","guid":{"rendered":"https:\/\/www.signaturebya.com\/?post_type=product&#038;p=10207"},"modified":"2024-06-20T08:32:57","modified_gmt":"2024-06-20T07:32:57","slug":"bouquet-de-fleurs-sechees-naturelles","status":"publish","type":"product","link":"https:\/\/www.signaturebya.com\/?product=bouquet-de-fleurs-sechees-naturelles","title":{"rendered":"Bouquet de Fleurs S\u00e9ch\u00e9es Naturelles"},"content":{"rendered":"","protected":false},"excerpt":{"rendered":"<p>Tr\u00e8s beaux bouquet de fleurs naturelles s\u00e9ch\u00e9es<\/p>\n<p>L: 55 &#8211; 60 cm<\/p>\n","protected":false},"featured_media":10208,"comment_status":"open","ping_status":"closed","template":"","meta":[],"product_cat":[103,258,105,111],"product_tag":[],"_links":{"self":[{"href":"https:\/\/www.signaturebya.com\/index.php?rest_route=\/wp\/v2\/product\/10207"}],"collection":[{"href":"https:\/\/www.signaturebya.com\/index.php?rest_route=\/wp\/v2\/product"}],"about":[{"href":"https:\/\/www.signaturebya.com\/index.php?rest_route=\/wp\/v2\/types\/product"}],"replies":[{"embeddable":true,"href":"https:\/\/www.signaturebya.com\/index.php?rest_route=%2Fwp%2Fv2%2Fcomments&post=10207"}],"wp:featuredmedia":[{"embeddable":true,"href":"https:\/\/www.signaturebya.com\/index.php?rest_route=\/wp\/v2\/media\/10208"}],"wp:attachment":[{"href":"https:\/\/www.signaturebya.com\/index.php?rest_route=%2Fwp%2Fv2%2Fmedia&parent=10207"}],"wp:term":[{"taxonomy":"product_cat","embeddable":true,"href":"https:\/\/www.signaturebya.com\/index.php?rest_route=%2Fwp%2Fv2%2Fproduct_cat&post=10207"},{"taxonomy":"product_tag","embeddable":true,"href":"https:\/\/www.signaturebya.com\/index.php?rest_route=%2Fwp%2Fv2%2Fproduct_tag&post=10207"}],"curies":[{"name":"wp","href":"https:\/\/api.w.org\/{rel}","templated":true}]}}