{"id":10209,"date":"2023-10-19T09:01:21","date_gmt":"2023-10-19T08:01:21","guid":{"rendered":"https:\/\/www.signaturebya.com\/?post_type=product&#038;p=10209"},"modified":"2025-05-09T08:30:46","modified_gmt":"2025-05-09T07:30:46","slug":"grande-sculpture-en-resine-bronze","status":"publish","type":"product","link":"https:\/\/www.signaturebya.com\/?product=grande-sculpture-en-resine-bronze","title":{"rendered":"Grande Sculpture en R\u00e9sine Bronze"},"content":{"rendered":"","protected":false},"excerpt":{"rendered":"<p>Magnifique pi\u00e8ce d&rsquo;art en R\u00e9sine, couleur bronze.<\/p>\n<p>Dimensions: 16.5* 15* 70.5cm<\/p>\n<p>&nbsp;<\/p>\n","protected":false},"featured_media":10212,"comment_status":"open","ping_status":"closed","template":"","meta":[],"product_cat":[103,119,105,222,284],"product_tag":[],"_links":{"self":[{"href":"https:\/\/www.signaturebya.com\/index.php?rest_route=\/wp\/v2\/product\/10209"}],"collection":[{"href":"https:\/\/www.signaturebya.com\/index.php?rest_route=\/wp\/v2\/product"}],"about":[{"href":"https:\/\/www.signaturebya.com\/index.php?rest_route=\/wp\/v2\/types\/product"}],"replies":[{"embeddable":true,"href":"https:\/\/www.signaturebya.com\/index.php?rest_route=%2Fwp%2Fv2%2Fcomments&post=10209"}],"wp:featuredmedia":[{"embeddable":true,"href":"https:\/\/www.signaturebya.com\/index.php?rest_route=\/wp\/v2\/media\/10212"}],"wp:attachment":[{"href":"https:\/\/www.signaturebya.com\/index.php?rest_route=%2Fwp%2Fv2%2Fmedia&parent=10209"}],"wp:term":[{"taxonomy":"product_cat","embeddable":true,"href":"https:\/\/www.signaturebya.com\/index.php?rest_route=%2Fwp%2Fv2%2Fproduct_cat&post=10209"},{"taxonomy":"product_tag","embeddable":true,"href":"https:\/\/www.signaturebya.com\/index.php?rest_route=%2Fwp%2Fv2%2Fproduct_tag&post=10209"}],"curies":[{"name":"wp","href":"https:\/\/api.w.org\/{rel}","templated":true}]}}