{"id":10216,"date":"2023-10-19T09:07:59","date_gmt":"2023-10-19T08:07:59","guid":{"rendered":"https:\/\/www.signaturebya.com\/?post_type=product&#038;p=10216"},"modified":"2025-06-05T08:38:06","modified_gmt":"2025-06-05T07:38:06","slug":"grande-sculpture-en-resine-blanche","status":"publish","type":"product","link":"https:\/\/www.signaturebya.com\/?product=grande-sculpture-en-resine-blanche","title":{"rendered":"Grande Sculpture en R\u00e9sine Blanche"},"content":{"rendered":"","protected":false},"excerpt":{"rendered":"<p>Magnifique pi\u00e8ce d&rsquo;art en R\u00e9sine, couleur blanche.<\/p>\n<p>Dimensions: 16.5* 15* 70.5cm<\/p>\n<p>&nbsp;<\/p>\n","protected":false},"featured_media":10215,"comment_status":"open","ping_status":"closed","template":"","meta":[],"product_cat":[103,119,105,222,284,112],"product_tag":[],"_links":{"self":[{"href":"https:\/\/www.signaturebya.com\/index.php?rest_route=\/wp\/v2\/product\/10216"}],"collection":[{"href":"https:\/\/www.signaturebya.com\/index.php?rest_route=\/wp\/v2\/product"}],"about":[{"href":"https:\/\/www.signaturebya.com\/index.php?rest_route=\/wp\/v2\/types\/product"}],"replies":[{"embeddable":true,"href":"https:\/\/www.signaturebya.com\/index.php?rest_route=%2Fwp%2Fv2%2Fcomments&post=10216"}],"wp:featuredmedia":[{"embeddable":true,"href":"https:\/\/www.signaturebya.com\/index.php?rest_route=\/wp\/v2\/media\/10215"}],"wp:attachment":[{"href":"https:\/\/www.signaturebya.com\/index.php?rest_route=%2Fwp%2Fv2%2Fmedia&parent=10216"}],"wp:term":[{"taxonomy":"product_cat","embeddable":true,"href":"https:\/\/www.signaturebya.com\/index.php?rest_route=%2Fwp%2Fv2%2Fproduct_cat&post=10216"},{"taxonomy":"product_tag","embeddable":true,"href":"https:\/\/www.signaturebya.com\/index.php?rest_route=%2Fwp%2Fv2%2Fproduct_tag&post=10216"}],"curies":[{"name":"wp","href":"https:\/\/api.w.org\/{rel}","templated":true}]}}