{"id":10217,"date":"2023-10-19T09:10:12","date_gmt":"2023-10-19T08:10:12","guid":{"rendered":"https:\/\/www.signaturebya.com\/?post_type=product&#038;p=10217"},"modified":"2024-12-21T17:47:42","modified_gmt":"2024-12-21T16:47:42","slug":"pelotes-en-verre-bleu-gris","status":"publish","type":"product","link":"https:\/\/www.signaturebya.com\/?product=pelotes-en-verre-bleu-gris","title":{"rendered":"Pelotes en Verre Bleu Gris"},"content":{"rendered":"","protected":false},"excerpt":{"rendered":"<p>En noir, ces jolies sculpture en verre sont encore plus imposantes. Elles auront plus de pr\u00e9sence, mais sauront tout de m\u00eame s&rsquo;adapter \u00e0 tous les espaces de votre int\u00e9rieur. Elles existent en verre transparent, pour un style plus discret, mais tout aussi charmant, pour les fans de transparence&#8230;<\/p>\n<p>Disponibles en deux dimensions:<\/p>\n<p>11*11*11cm<\/p>\n<p>15*15*15 cm<\/p>\n","protected":false},"featured_media":10221,"comment_status":"open","ping_status":"closed","template":"","meta":[],"product_cat":[103,105,106,284,113],"product_tag":[114,71,64,123],"_links":{"self":[{"href":"https:\/\/www.signaturebya.com\/index.php?rest_route=\/wp\/v2\/product\/10217"}],"collection":[{"href":"https:\/\/www.signaturebya.com\/index.php?rest_route=\/wp\/v2\/product"}],"about":[{"href":"https:\/\/www.signaturebya.com\/index.php?rest_route=\/wp\/v2\/types\/product"}],"replies":[{"embeddable":true,"href":"https:\/\/www.signaturebya.com\/index.php?rest_route=%2Fwp%2Fv2%2Fcomments&post=10217"}],"wp:featuredmedia":[{"embeddable":true,"href":"https:\/\/www.signaturebya.com\/index.php?rest_route=\/wp\/v2\/media\/10221"}],"wp:attachment":[{"href":"https:\/\/www.signaturebya.com\/index.php?rest_route=%2Fwp%2Fv2%2Fmedia&parent=10217"}],"wp:term":[{"taxonomy":"product_cat","embeddable":true,"href":"https:\/\/www.signaturebya.com\/index.php?rest_route=%2Fwp%2Fv2%2Fproduct_cat&post=10217"},{"taxonomy":"product_tag","embeddable":true,"href":"https:\/\/www.signaturebya.com\/index.php?rest_route=%2Fwp%2Fv2%2Fproduct_tag&post=10217"}],"curies":[{"name":"wp","href":"https:\/\/api.w.org\/{rel}","templated":true}]}}