{"id":10230,"date":"2023-10-20T20:27:42","date_gmt":"2023-10-20T19:27:42","guid":{"rendered":"https:\/\/www.signaturebya.com\/?post_type=product&#038;p=10230"},"modified":"2025-05-09T08:31:08","modified_gmt":"2025-05-09T07:31:08","slug":"pelotes-en-verre-marron","status":"publish","type":"product","link":"https:\/\/www.signaturebya.com\/?product=pelotes-en-verre-marron","title":{"rendered":"Pelotes en Verre Dor\u00e9 Fonc\u00e9"},"content":{"rendered":"","protected":false},"excerpt":{"rendered":"<p>En noir, ces jolies sculpture en verre sont encore plus imposantes. Elles auront plus de pr\u00e9sence, mais sauront tout de m\u00eame s&rsquo;adapter \u00e0 tous les espaces de votre int\u00e9rieur.<\/p>\n<p>Disponibles en deux dimensions:<\/p>\n<p>11*11*11 cm<\/p>\n<p>15*15*15 cm<\/p>\n","protected":false},"featured_media":10233,"comment_status":"open","ping_status":"closed","template":"","meta":[],"product_cat":[103,105,106,284,113,223],"product_tag":[114,71,64,123],"_links":{"self":[{"href":"https:\/\/www.signaturebya.com\/index.php?rest_route=\/wp\/v2\/product\/10230"}],"collection":[{"href":"https:\/\/www.signaturebya.com\/index.php?rest_route=\/wp\/v2\/product"}],"about":[{"href":"https:\/\/www.signaturebya.com\/index.php?rest_route=\/wp\/v2\/types\/product"}],"replies":[{"embeddable":true,"href":"https:\/\/www.signaturebya.com\/index.php?rest_route=%2Fwp%2Fv2%2Fcomments&post=10230"}],"wp:featuredmedia":[{"embeddable":true,"href":"https:\/\/www.signaturebya.com\/index.php?rest_route=\/wp\/v2\/media\/10233"}],"wp:attachment":[{"href":"https:\/\/www.signaturebya.com\/index.php?rest_route=%2Fwp%2Fv2%2Fmedia&parent=10230"}],"wp:term":[{"taxonomy":"product_cat","embeddable":true,"href":"https:\/\/www.signaturebya.com\/index.php?rest_route=%2Fwp%2Fv2%2Fproduct_cat&post=10230"},{"taxonomy":"product_tag","embeddable":true,"href":"https:\/\/www.signaturebya.com\/index.php?rest_route=%2Fwp%2Fv2%2Fproduct_tag&post=10230"}],"curies":[{"name":"wp","href":"https:\/\/api.w.org\/{rel}","templated":true}]}}