{"id":10234,"date":"2023-10-20T20:41:43","date_gmt":"2023-10-20T19:41:43","guid":{"rendered":"https:\/\/www.signaturebya.com\/?post_type=product&#038;p=10234"},"modified":"2025-05-09T08:30:51","modified_gmt":"2025-05-09T07:30:51","slug":"statuette-homme-olympique","status":"publish","type":"product","link":"https:\/\/www.signaturebya.com\/?product=statuette-homme-olympique","title":{"rendered":"Statuette Homme Olympique"},"content":{"rendered":"","protected":false},"excerpt":{"rendered":"<p>Tr\u00e8s jolie statuette en r\u00e9sine et m\u00e9tal, fine et \u00e9l\u00e9gante.<\/p>\n<p class=\"p1\">Dimensions: 14.5*10*14.5cm<\/p>\n","protected":false},"featured_media":10239,"comment_status":"open","ping_status":"closed","template":"","meta":[],"product_cat":[103,105,222,284],"product_tag":[114,71,64,123],"_links":{"self":[{"href":"https:\/\/www.signaturebya.com\/index.php?rest_route=\/wp\/v2\/product\/10234"}],"collection":[{"href":"https:\/\/www.signaturebya.com\/index.php?rest_route=\/wp\/v2\/product"}],"about":[{"href":"https:\/\/www.signaturebya.com\/index.php?rest_route=\/wp\/v2\/types\/product"}],"replies":[{"embeddable":true,"href":"https:\/\/www.signaturebya.com\/index.php?rest_route=%2Fwp%2Fv2%2Fcomments&post=10234"}],"wp:featuredmedia":[{"embeddable":true,"href":"https:\/\/www.signaturebya.com\/index.php?rest_route=\/wp\/v2\/media\/10239"}],"wp:attachment":[{"href":"https:\/\/www.signaturebya.com\/index.php?rest_route=%2Fwp%2Fv2%2Fmedia&parent=10234"}],"wp:term":[{"taxonomy":"product_cat","embeddable":true,"href":"https:\/\/www.signaturebya.com\/index.php?rest_route=%2Fwp%2Fv2%2Fproduct_cat&post=10234"},{"taxonomy":"product_tag","embeddable":true,"href":"https:\/\/www.signaturebya.com\/index.php?rest_route=%2Fwp%2Fv2%2Fproduct_tag&post=10234"}],"curies":[{"name":"wp","href":"https:\/\/api.w.org\/{rel}","templated":true}]}}