{"id":10241,"date":"2023-10-20T20:49:28","date_gmt":"2023-10-20T19:49:28","guid":{"rendered":"https:\/\/www.signaturebya.com\/?post_type=product&#038;p=10241"},"modified":"2024-10-05T07:09:14","modified_gmt":"2024-10-05T06:09:14","slug":"tic-tac-toe-en-acrylique-metal-dore","status":"publish","type":"product","link":"https:\/\/www.signaturebya.com\/?product=tic-tac-toe-en-acrylique-metal-dore","title":{"rendered":"Tic-Tac-Toe en Acrylique &#038; M\u00e9tal Dor\u00e9"},"content":{"rendered":"","protected":false},"excerpt":{"rendered":"<p>Magnifique pi\u00e8ce d&rsquo;art en acrylique et m\u00e9tal dor\u00e9.<\/p>\n<p>Tr\u00e8s chic.<\/p>\n<p class=\"p1\">Dimensions: 25* 25* 3 cm<\/p>\n","protected":false},"featured_media":10244,"comment_status":"open","ping_status":"closed","template":"","meta":[],"product_cat":[103,105,284,113],"product_tag":[114,71,64,123],"_links":{"self":[{"href":"https:\/\/www.signaturebya.com\/index.php?rest_route=\/wp\/v2\/product\/10241"}],"collection":[{"href":"https:\/\/www.signaturebya.com\/index.php?rest_route=\/wp\/v2\/product"}],"about":[{"href":"https:\/\/www.signaturebya.com\/index.php?rest_route=\/wp\/v2\/types\/product"}],"replies":[{"embeddable":true,"href":"https:\/\/www.signaturebya.com\/index.php?rest_route=%2Fwp%2Fv2%2Fcomments&post=10241"}],"wp:featuredmedia":[{"embeddable":true,"href":"https:\/\/www.signaturebya.com\/index.php?rest_route=\/wp\/v2\/media\/10244"}],"wp:attachment":[{"href":"https:\/\/www.signaturebya.com\/index.php?rest_route=%2Fwp%2Fv2%2Fmedia&parent=10241"}],"wp:term":[{"taxonomy":"product_cat","embeddable":true,"href":"https:\/\/www.signaturebya.com\/index.php?rest_route=%2Fwp%2Fv2%2Fproduct_cat&post=10241"},{"taxonomy":"product_tag","embeddable":true,"href":"https:\/\/www.signaturebya.com\/index.php?rest_route=%2Fwp%2Fv2%2Fproduct_tag&post=10241"}],"curies":[{"name":"wp","href":"https:\/\/api.w.org\/{rel}","templated":true}]}}