{"id":10266,"date":"2023-10-21T07:27:35","date_gmt":"2023-10-21T06:27:35","guid":{"rendered":"https:\/\/www.signaturebya.com\/?post_type=product&#038;p=10266"},"modified":"2023-12-12T08:14:26","modified_gmt":"2023-12-12T07:14:26","slug":"coupe-a-fruits-en-resine-noire","status":"publish","type":"product","link":"https:\/\/www.signaturebya.com\/?product=coupe-a-fruits-en-resine-noire","title":{"rendered":"Coupe \u00e0 Fruits en R\u00e9sine Noire"},"content":{"rendered":"","protected":false},"excerpt":{"rendered":"<p>Un bol \u00e0 fruits ou autre, original et moderne.<\/p>\n<p class=\"p1\">Dimensions: 28.5 *21 *8 cm<\/p>\n","protected":false},"featured_media":10267,"comment_status":"open","ping_status":"closed","template":"","meta":[],"product_cat":[103,115,119,112],"product_tag":[114,71,64,123],"_links":{"self":[{"href":"https:\/\/www.signaturebya.com\/index.php?rest_route=\/wp\/v2\/product\/10266"}],"collection":[{"href":"https:\/\/www.signaturebya.com\/index.php?rest_route=\/wp\/v2\/product"}],"about":[{"href":"https:\/\/www.signaturebya.com\/index.php?rest_route=\/wp\/v2\/types\/product"}],"replies":[{"embeddable":true,"href":"https:\/\/www.signaturebya.com\/index.php?rest_route=%2Fwp%2Fv2%2Fcomments&post=10266"}],"wp:featuredmedia":[{"embeddable":true,"href":"https:\/\/www.signaturebya.com\/index.php?rest_route=\/wp\/v2\/media\/10267"}],"wp:attachment":[{"href":"https:\/\/www.signaturebya.com\/index.php?rest_route=%2Fwp%2Fv2%2Fmedia&parent=10266"}],"wp:term":[{"taxonomy":"product_cat","embeddable":true,"href":"https:\/\/www.signaturebya.com\/index.php?rest_route=%2Fwp%2Fv2%2Fproduct_cat&post=10266"},{"taxonomy":"product_tag","embeddable":true,"href":"https:\/\/www.signaturebya.com\/index.php?rest_route=%2Fwp%2Fv2%2Fproduct_tag&post=10266"}],"curies":[{"name":"wp","href":"https:\/\/api.w.org\/{rel}","templated":true}]}}