{"id":10336,"date":"2023-10-23T08:02:16","date_gmt":"2023-10-23T07:02:16","guid":{"rendered":"https:\/\/www.signaturebya.com\/?post_type=product&#038;p=10336"},"modified":"2024-02-21T07:45:52","modified_gmt":"2024-02-21T06:45:52","slug":"le-vase-multiple-en-marbre-et-metal-dore","status":"publish","type":"product","link":"https:\/\/www.signaturebya.com\/?product=le-vase-multiple-en-marbre-et-metal-dore","title":{"rendered":"Le Vase &lsquo;Multiple&rsquo; en Marbre et M\u00e9tal Dor\u00e9"},"content":{"rendered":"","protected":false},"excerpt":{"rendered":"<p>Ce vase est juste somptueux, grand, fin et \u00e9l\u00e9gant, avec de tr\u00e8s beaux mat\u00e9riaux.<\/p>\n<p class=\"p1\">Dimensions: 12* 10.5* 40.5 cm<\/p>\n","protected":false},"featured_media":10284,"comment_status":"open","ping_status":"closed","template":"","meta":[],"product_cat":[103,111,223],"product_tag":[114,71,64,123],"_links":{"self":[{"href":"https:\/\/www.signaturebya.com\/index.php?rest_route=\/wp\/v2\/product\/10336"}],"collection":[{"href":"https:\/\/www.signaturebya.com\/index.php?rest_route=\/wp\/v2\/product"}],"about":[{"href":"https:\/\/www.signaturebya.com\/index.php?rest_route=\/wp\/v2\/types\/product"}],"replies":[{"embeddable":true,"href":"https:\/\/www.signaturebya.com\/index.php?rest_route=%2Fwp%2Fv2%2Fcomments&post=10336"}],"wp:featuredmedia":[{"embeddable":true,"href":"https:\/\/www.signaturebya.com\/index.php?rest_route=\/wp\/v2\/media\/10284"}],"wp:attachment":[{"href":"https:\/\/www.signaturebya.com\/index.php?rest_route=%2Fwp%2Fv2%2Fmedia&parent=10336"}],"wp:term":[{"taxonomy":"product_cat","embeddable":true,"href":"https:\/\/www.signaturebya.com\/index.php?rest_route=%2Fwp%2Fv2%2Fproduct_cat&post=10336"},{"taxonomy":"product_tag","embeddable":true,"href":"https:\/\/www.signaturebya.com\/index.php?rest_route=%2Fwp%2Fv2%2Fproduct_tag&post=10336"}],"curies":[{"name":"wp","href":"https:\/\/api.w.org\/{rel}","templated":true}]}}