{"id":10337,"date":"2023-10-23T08:03:31","date_gmt":"2023-10-23T07:03:31","guid":{"rendered":"https:\/\/www.signaturebya.com\/?post_type=product&#038;p=10337"},"modified":"2024-09-01T16:59:26","modified_gmt":"2024-09-01T15:59:26","slug":"grand-plat-decoratif-en-acrylique","status":"publish","type":"product","link":"https:\/\/www.signaturebya.com\/?product=grand-plat-decoratif-en-acrylique","title":{"rendered":"Grand Plat D\u00e9coratif en Acrylique"},"content":{"rendered":"","protected":false},"excerpt":{"rendered":"<p>Magnifique plat d\u00e9cotatif ondul\u00e9 en acrylique, dans un esprit futuriste..tout en transparence.<\/p>\n<p class=\"p1\">Dimensions: 45* 29.5* 9cm<\/p>\n<p>&nbsp;<\/p>\n","protected":false},"featured_media":10341,"comment_status":"open","ping_status":"closed","template":"","meta":[],"product_cat":[103,115,284,113],"product_tag":[114,71,64,123],"_links":{"self":[{"href":"https:\/\/www.signaturebya.com\/index.php?rest_route=\/wp\/v2\/product\/10337"}],"collection":[{"href":"https:\/\/www.signaturebya.com\/index.php?rest_route=\/wp\/v2\/product"}],"about":[{"href":"https:\/\/www.signaturebya.com\/index.php?rest_route=\/wp\/v2\/types\/product"}],"replies":[{"embeddable":true,"href":"https:\/\/www.signaturebya.com\/index.php?rest_route=%2Fwp%2Fv2%2Fcomments&post=10337"}],"wp:featuredmedia":[{"embeddable":true,"href":"https:\/\/www.signaturebya.com\/index.php?rest_route=\/wp\/v2\/media\/10341"}],"wp:attachment":[{"href":"https:\/\/www.signaturebya.com\/index.php?rest_route=%2Fwp%2Fv2%2Fmedia&parent=10337"}],"wp:term":[{"taxonomy":"product_cat","embeddable":true,"href":"https:\/\/www.signaturebya.com\/index.php?rest_route=%2Fwp%2Fv2%2Fproduct_cat&post=10337"},{"taxonomy":"product_tag","embeddable":true,"href":"https:\/\/www.signaturebya.com\/index.php?rest_route=%2Fwp%2Fv2%2Fproduct_tag&post=10337"}],"curies":[{"name":"wp","href":"https:\/\/api.w.org\/{rel}","templated":true}]}}