{"id":10370,"date":"2023-10-24T07:46:39","date_gmt":"2023-10-24T06:46:39","guid":{"rendered":"https:\/\/www.signaturebya.com\/?post_type=product&#038;p=10370"},"modified":"2026-04-16T07:00:23","modified_gmt":"2026-04-16T06:00:23","slug":"livre-decoratif-wabi-sabi","status":"publish","type":"product","link":"https:\/\/www.signaturebya.com\/?product=livre-decoratif-wabi-sabi","title":{"rendered":"Livre d\u00e9coratif &lsquo;Wabi Sabi&rsquo;"},"content":{"rendered":"","protected":false},"excerpt":{"rendered":"<p>Livres d\u00e9coratifs, simples et beaux. Il s&rsquo;agit de vrais livres, avec de vraies pages imprim\u00e9es, architecture, art etc&#8230;\u00c0 disposer en pile sur une table basse, ou en rang\u00e9es sur une belle biblioth\u00e8que.<\/p>\n<p class=\"p1\">Dimensions : 27*19*2.2 cm<\/p>\n","protected":false},"featured_media":10334,"comment_status":"open","ping_status":"closed","template":"","meta":[],"product_cat":[103,109,284,112],"product_tag":[],"_links":{"self":[{"href":"https:\/\/www.signaturebya.com\/index.php?rest_route=\/wp\/v2\/product\/10370"}],"collection":[{"href":"https:\/\/www.signaturebya.com\/index.php?rest_route=\/wp\/v2\/product"}],"about":[{"href":"https:\/\/www.signaturebya.com\/index.php?rest_route=\/wp\/v2\/types\/product"}],"replies":[{"embeddable":true,"href":"https:\/\/www.signaturebya.com\/index.php?rest_route=%2Fwp%2Fv2%2Fcomments&post=10370"}],"wp:featuredmedia":[{"embeddable":true,"href":"https:\/\/www.signaturebya.com\/index.php?rest_route=\/wp\/v2\/media\/10334"}],"wp:attachment":[{"href":"https:\/\/www.signaturebya.com\/index.php?rest_route=%2Fwp%2Fv2%2Fmedia&parent=10370"}],"wp:term":[{"taxonomy":"product_cat","embeddable":true,"href":"https:\/\/www.signaturebya.com\/index.php?rest_route=%2Fwp%2Fv2%2Fproduct_cat&post=10370"},{"taxonomy":"product_tag","embeddable":true,"href":"https:\/\/www.signaturebya.com\/index.php?rest_route=%2Fwp%2Fv2%2Fproduct_tag&post=10370"}],"curies":[{"name":"wp","href":"https:\/\/api.w.org\/{rel}","templated":true}]}}