{"id":10381,"date":"2023-10-25T09:50:49","date_gmt":"2023-10-25T08:50:49","guid":{"rendered":"https:\/\/www.signaturebya.com\/?post_type=product&#038;p=10381"},"modified":"2024-04-07T22:54:33","modified_gmt":"2024-04-07T21:54:33","slug":"boules-decoratives-en-verre-fait-main","status":"publish","type":"product","link":"https:\/\/www.signaturebya.com\/?product=boules-decoratives-en-verre-fait-main","title":{"rendered":"Boules D\u00e9coratives en Verre Fait-main"},"content":{"rendered":"","protected":false},"excerpt":{"rendered":"<p>Tr\u00e8s belles boules d\u00e9coratives en verre fait-main, avec une petite touche de bleu.<\/p>\n<p>Choisir dimensions plus bas:<\/p>\n","protected":false},"featured_media":10382,"comment_status":"open","ping_status":"closed","template":"","meta":[],"product_cat":[103,107,113],"product_tag":[],"_links":{"self":[{"href":"https:\/\/www.signaturebya.com\/index.php?rest_route=\/wp\/v2\/product\/10381"}],"collection":[{"href":"https:\/\/www.signaturebya.com\/index.php?rest_route=\/wp\/v2\/product"}],"about":[{"href":"https:\/\/www.signaturebya.com\/index.php?rest_route=\/wp\/v2\/types\/product"}],"replies":[{"embeddable":true,"href":"https:\/\/www.signaturebya.com\/index.php?rest_route=%2Fwp%2Fv2%2Fcomments&post=10381"}],"wp:featuredmedia":[{"embeddable":true,"href":"https:\/\/www.signaturebya.com\/index.php?rest_route=\/wp\/v2\/media\/10382"}],"wp:attachment":[{"href":"https:\/\/www.signaturebya.com\/index.php?rest_route=%2Fwp%2Fv2%2Fmedia&parent=10381"}],"wp:term":[{"taxonomy":"product_cat","embeddable":true,"href":"https:\/\/www.signaturebya.com\/index.php?rest_route=%2Fwp%2Fv2%2Fproduct_cat&post=10381"},{"taxonomy":"product_tag","embeddable":true,"href":"https:\/\/www.signaturebya.com\/index.php?rest_route=%2Fwp%2Fv2%2Fproduct_tag&post=10381"}],"curies":[{"name":"wp","href":"https:\/\/api.w.org\/{rel}","templated":true}]}}