{"id":10396,"date":"2023-10-26T08:10:42","date_gmt":"2023-10-26T07:10:42","guid":{"rendered":"https:\/\/www.signaturebya.com\/?post_type=product&#038;p=10396"},"modified":"2023-10-26T15:38:44","modified_gmt":"2023-10-26T14:38:44","slug":"grande-bouteille-decorative-avec-coquillages","status":"publish","type":"product","link":"https:\/\/www.signaturebya.com\/?product=grande-bouteille-decorative-avec-coquillages","title":{"rendered":"Grande Bouteille D\u00e9corative avec Coquillages"},"content":{"rendered":"","protected":false},"excerpt":{"rendered":"<p>Id\u00e9ale pour disposer sur une console d&rsquo;entr\u00e9e ou dans une salle de bain..<\/p>\n<p>Dimensions: 13*13* 21cm<\/p>\n","protected":false},"featured_media":10397,"comment_status":"open","ping_status":"closed","template":"","meta":[],"product_cat":[103,105],"product_tag":[],"_links":{"self":[{"href":"https:\/\/www.signaturebya.com\/index.php?rest_route=\/wp\/v2\/product\/10396"}],"collection":[{"href":"https:\/\/www.signaturebya.com\/index.php?rest_route=\/wp\/v2\/product"}],"about":[{"href":"https:\/\/www.signaturebya.com\/index.php?rest_route=\/wp\/v2\/types\/product"}],"replies":[{"embeddable":true,"href":"https:\/\/www.signaturebya.com\/index.php?rest_route=%2Fwp%2Fv2%2Fcomments&post=10396"}],"wp:featuredmedia":[{"embeddable":true,"href":"https:\/\/www.signaturebya.com\/index.php?rest_route=\/wp\/v2\/media\/10397"}],"wp:attachment":[{"href":"https:\/\/www.signaturebya.com\/index.php?rest_route=%2Fwp%2Fv2%2Fmedia&parent=10396"}],"wp:term":[{"taxonomy":"product_cat","embeddable":true,"href":"https:\/\/www.signaturebya.com\/index.php?rest_route=%2Fwp%2Fv2%2Fproduct_cat&post=10396"},{"taxonomy":"product_tag","embeddable":true,"href":"https:\/\/www.signaturebya.com\/index.php?rest_route=%2Fwp%2Fv2%2Fproduct_tag&post=10396"}],"curies":[{"name":"wp","href":"https:\/\/api.w.org\/{rel}","templated":true}]}}