{"id":10399,"date":"2023-10-26T15:40:00","date_gmt":"2023-10-26T14:40:00","guid":{"rendered":"https:\/\/www.signaturebya.com\/?post_type=product&#038;p=10399"},"modified":"2023-10-26T16:02:43","modified_gmt":"2023-10-26T15:02:43","slug":"grande-bouteille-decorative-avec-coquillages-2","status":"publish","type":"product","link":"https:\/\/www.signaturebya.com\/?product=grande-bouteille-decorative-avec-coquillages-2","title":{"rendered":"Grande Bouteille D\u00e9corative avec Coquillages"},"content":{"rendered":"","protected":false},"excerpt":{"rendered":"<p>Id\u00e9ale pour disposer sur une console d&rsquo;entr\u00e9e ou dans une salle de bain..<\/p>\n<p>Dimensions: 13*13* 21cm<\/p>\n","protected":false},"featured_media":10397,"comment_status":"open","ping_status":"closed","template":"","meta":[],"product_cat":[103,105],"product_tag":[],"_links":{"self":[{"href":"https:\/\/www.signaturebya.com\/index.php?rest_route=\/wp\/v2\/product\/10399"}],"collection":[{"href":"https:\/\/www.signaturebya.com\/index.php?rest_route=\/wp\/v2\/product"}],"about":[{"href":"https:\/\/www.signaturebya.com\/index.php?rest_route=\/wp\/v2\/types\/product"}],"replies":[{"embeddable":true,"href":"https:\/\/www.signaturebya.com\/index.php?rest_route=%2Fwp%2Fv2%2Fcomments&post=10399"}],"wp:featuredmedia":[{"embeddable":true,"href":"https:\/\/www.signaturebya.com\/index.php?rest_route=\/wp\/v2\/media\/10397"}],"wp:attachment":[{"href":"https:\/\/www.signaturebya.com\/index.php?rest_route=%2Fwp%2Fv2%2Fmedia&parent=10399"}],"wp:term":[{"taxonomy":"product_cat","embeddable":true,"href":"https:\/\/www.signaturebya.com\/index.php?rest_route=%2Fwp%2Fv2%2Fproduct_cat&post=10399"},{"taxonomy":"product_tag","embeddable":true,"href":"https:\/\/www.signaturebya.com\/index.php?rest_route=%2Fwp%2Fv2%2Fproduct_tag&post=10399"}],"curies":[{"name":"wp","href":"https:\/\/api.w.org\/{rel}","templated":true}]}}