{"id":10431,"date":"2023-11-02T09:02:27","date_gmt":"2023-11-02T08:02:27","guid":{"rendered":"https:\/\/www.signaturebya.com\/?post_type=product&#038;p=10431"},"modified":"2024-08-31T09:57:55","modified_gmt":"2024-08-31T08:57:55","slug":"statuettes-sitting-man-argentees-en-ceramique","status":"publish","type":"product","link":"https:\/\/www.signaturebya.com\/?product=statuettes-sitting-man-argentees-en-ceramique","title":{"rendered":"Statuettes &lsquo;Sitting Man&rsquo; Argent\u00e9es en C\u00e9ramique"},"content":{"rendered":"","protected":false},"excerpt":{"rendered":"<p>Tr\u00e8s jolies statuettes \u00e0 disposer sur une table basse ou une console d&rsquo;entr\u00e9e.<\/p>\n<p>Dimensions:<\/p>\n<p class=\"p1\">8*7.5* 23 cm<\/p>\n<p class=\"p1\">7.5*7.5* 20 cm<\/p>\n<p>Veuillez s\u00e9lectionner les dimensions souhait\u00e9es plus bas<\/p>\n","protected":false},"featured_media":10420,"comment_status":"open","ping_status":"closed","template":"","meta":[],"product_cat":[103,105,222,284,188],"product_tag":[],"_links":{"self":[{"href":"https:\/\/www.signaturebya.com\/index.php?rest_route=\/wp\/v2\/product\/10431"}],"collection":[{"href":"https:\/\/www.signaturebya.com\/index.php?rest_route=\/wp\/v2\/product"}],"about":[{"href":"https:\/\/www.signaturebya.com\/index.php?rest_route=\/wp\/v2\/types\/product"}],"replies":[{"embeddable":true,"href":"https:\/\/www.signaturebya.com\/index.php?rest_route=%2Fwp%2Fv2%2Fcomments&post=10431"}],"wp:featuredmedia":[{"embeddable":true,"href":"https:\/\/www.signaturebya.com\/index.php?rest_route=\/wp\/v2\/media\/10420"}],"wp:attachment":[{"href":"https:\/\/www.signaturebya.com\/index.php?rest_route=%2Fwp%2Fv2%2Fmedia&parent=10431"}],"wp:term":[{"taxonomy":"product_cat","embeddable":true,"href":"https:\/\/www.signaturebya.com\/index.php?rest_route=%2Fwp%2Fv2%2Fproduct_cat&post=10431"},{"taxonomy":"product_tag","embeddable":true,"href":"https:\/\/www.signaturebya.com\/index.php?rest_route=%2Fwp%2Fv2%2Fproduct_tag&post=10431"}],"curies":[{"name":"wp","href":"https:\/\/api.w.org\/{rel}","templated":true}]}}