{"id":10450,"date":"2023-11-06T09:09:02","date_gmt":"2023-11-06T08:09:02","guid":{"rendered":"https:\/\/www.signaturebya.com\/?post_type=product&#038;p=10450"},"modified":"2024-11-23T20:27:43","modified_gmt":"2024-11-23T19:27:43","slug":"citrouille-a-petits-pois-black-white-en-ceramique","status":"publish","type":"product","link":"https:\/\/www.signaturebya.com\/?product=citrouille-a-petits-pois-black-white-en-ceramique","title":{"rendered":"Citrouille en C\u00e9ramique \u00e0 Petits Pois Noirs"},"content":{"rendered":"","protected":false},"excerpt":{"rendered":"<p>Tr\u00e8s jolie citrouille en C\u00e9ramique, \u00e0 petits pois noirs. \u00c0 disposer id\u00e9alement avec la grande citrouille black &amp; white.<\/p>\n<p>Dimensions: 16*16*14 cm<\/p>\n<p>&nbsp;<\/p>\n","protected":false},"featured_media":10449,"comment_status":"open","ping_status":"closed","template":"","meta":[],"product_cat":[103,105,110,112],"product_tag":[],"_links":{"self":[{"href":"https:\/\/www.signaturebya.com\/index.php?rest_route=\/wp\/v2\/product\/10450"}],"collection":[{"href":"https:\/\/www.signaturebya.com\/index.php?rest_route=\/wp\/v2\/product"}],"about":[{"href":"https:\/\/www.signaturebya.com\/index.php?rest_route=\/wp\/v2\/types\/product"}],"replies":[{"embeddable":true,"href":"https:\/\/www.signaturebya.com\/index.php?rest_route=%2Fwp%2Fv2%2Fcomments&post=10450"}],"wp:featuredmedia":[{"embeddable":true,"href":"https:\/\/www.signaturebya.com\/index.php?rest_route=\/wp\/v2\/media\/10449"}],"wp:attachment":[{"href":"https:\/\/www.signaturebya.com\/index.php?rest_route=%2Fwp%2Fv2%2Fmedia&parent=10450"}],"wp:term":[{"taxonomy":"product_cat","embeddable":true,"href":"https:\/\/www.signaturebya.com\/index.php?rest_route=%2Fwp%2Fv2%2Fproduct_cat&post=10450"},{"taxonomy":"product_tag","embeddable":true,"href":"https:\/\/www.signaturebya.com\/index.php?rest_route=%2Fwp%2Fv2%2Fproduct_tag&post=10450"}],"curies":[{"name":"wp","href":"https:\/\/api.w.org\/{rel}","templated":true}]}}