{"id":10466,"date":"2023-11-17T07:43:49","date_gmt":"2023-11-17T06:43:49","guid":{"rendered":"https:\/\/www.signaturebya.com\/?post_type=product&#038;p=10466"},"modified":"2024-02-09T14:05:59","modified_gmt":"2024-02-09T13:05:59","slug":"cadre-photo-en-verre-avec-lignes-dorees","status":"publish","type":"product","link":"https:\/\/www.signaturebya.com\/?product=cadre-photo-en-verre-avec-lignes-dorees","title":{"rendered":"Cadre Photo en Verre avec Lignes Dor\u00e9es"},"content":{"rendered":"","protected":false},"excerpt":{"rendered":"<p>Tr\u00e8s jolies cadres photos en verre, avec des lignes dor\u00e9es.<\/p>\n<p>Disponibles en deux dimensions, choisir celle souhait\u00e9e plus bas:<\/p>\n","protected":false},"featured_media":10469,"comment_status":"open","ping_status":"closed","template":"","meta":[],"product_cat":[103,108],"product_tag":[],"_links":{"self":[{"href":"https:\/\/www.signaturebya.com\/index.php?rest_route=\/wp\/v2\/product\/10466"}],"collection":[{"href":"https:\/\/www.signaturebya.com\/index.php?rest_route=\/wp\/v2\/product"}],"about":[{"href":"https:\/\/www.signaturebya.com\/index.php?rest_route=\/wp\/v2\/types\/product"}],"replies":[{"embeddable":true,"href":"https:\/\/www.signaturebya.com\/index.php?rest_route=%2Fwp%2Fv2%2Fcomments&post=10466"}],"wp:featuredmedia":[{"embeddable":true,"href":"https:\/\/www.signaturebya.com\/index.php?rest_route=\/wp\/v2\/media\/10469"}],"wp:attachment":[{"href":"https:\/\/www.signaturebya.com\/index.php?rest_route=%2Fwp%2Fv2%2Fmedia&parent=10466"}],"wp:term":[{"taxonomy":"product_cat","embeddable":true,"href":"https:\/\/www.signaturebya.com\/index.php?rest_route=%2Fwp%2Fv2%2Fproduct_cat&post=10466"},{"taxonomy":"product_tag","embeddable":true,"href":"https:\/\/www.signaturebya.com\/index.php?rest_route=%2Fwp%2Fv2%2Fproduct_tag&post=10466"}],"curies":[{"name":"wp","href":"https:\/\/api.w.org\/{rel}","templated":true}]}}