{"id":10476,"date":"2023-11-17T07:52:39","date_gmt":"2023-11-17T06:52:39","guid":{"rendered":"https:\/\/www.signaturebya.com\/?post_type=product&#038;p=10476"},"modified":"2024-01-30T09:53:42","modified_gmt":"2024-01-30T08:53:42","slug":"lanterne-blanche-en-ceramique","status":"publish","type":"product","link":"https:\/\/www.signaturebya.com\/?product=lanterne-blanche-en-ceramique","title":{"rendered":"Lanterne Blanche en C\u00e9ramique"},"content":{"rendered":"","protected":false},"excerpt":{"rendered":"<p>Il suffit d&rsquo;allumer une bougie dedans pour qu&rsquo;elle soit encore plus belle. Cette joli lanterne en c\u00e9ramique cr\u00e9era une tr\u00e8s jolie ambiance cocooning pour vos soir\u00e9es.<\/p>\n<p>Deux dimensions sont disponibles, voir plus bas:<\/p>\n","protected":false},"featured_media":10479,"comment_status":"open","ping_status":"closed","template":"","meta":[],"product_cat":[103,105,110,112],"product_tag":[],"_links":{"self":[{"href":"https:\/\/www.signaturebya.com\/index.php?rest_route=\/wp\/v2\/product\/10476"}],"collection":[{"href":"https:\/\/www.signaturebya.com\/index.php?rest_route=\/wp\/v2\/product"}],"about":[{"href":"https:\/\/www.signaturebya.com\/index.php?rest_route=\/wp\/v2\/types\/product"}],"replies":[{"embeddable":true,"href":"https:\/\/www.signaturebya.com\/index.php?rest_route=%2Fwp%2Fv2%2Fcomments&post=10476"}],"wp:featuredmedia":[{"embeddable":true,"href":"https:\/\/www.signaturebya.com\/index.php?rest_route=\/wp\/v2\/media\/10479"}],"wp:attachment":[{"href":"https:\/\/www.signaturebya.com\/index.php?rest_route=%2Fwp%2Fv2%2Fmedia&parent=10476"}],"wp:term":[{"taxonomy":"product_cat","embeddable":true,"href":"https:\/\/www.signaturebya.com\/index.php?rest_route=%2Fwp%2Fv2%2Fproduct_cat&post=10476"},{"taxonomy":"product_tag","embeddable":true,"href":"https:\/\/www.signaturebya.com\/index.php?rest_route=%2Fwp%2Fv2%2Fproduct_tag&post=10476"}],"curies":[{"name":"wp","href":"https:\/\/api.w.org\/{rel}","templated":true}]}}