{"id":10536,"date":"2023-12-12T08:09:38","date_gmt":"2023-12-12T07:09:38","guid":{"rendered":"https:\/\/www.signaturebya.com\/?post_type=product&#038;p=10536"},"modified":"2025-03-05T22:29:45","modified_gmt":"2025-03-05T21:29:45","slug":"vide-poche-en-resine-blanc","status":"publish","type":"product","link":"https:\/\/www.signaturebya.com\/?product=vide-poche-en-resine-blanc","title":{"rendered":"Vide-Poche Blanc en R\u00e9sine"},"content":{"rendered":"","protected":false},"excerpt":{"rendered":"<p>Tr\u00e8s joli vide-poche en r\u00e9sine blanche;<\/p>\n<p>Dimensions: 36* 24* 6 cm<\/p>\n","protected":false},"featured_media":10539,"comment_status":"open","ping_status":"closed","template":"","meta":[],"product_cat":[103,119,105,284,112],"product_tag":[],"_links":{"self":[{"href":"https:\/\/www.signaturebya.com\/index.php?rest_route=\/wp\/v2\/product\/10536"}],"collection":[{"href":"https:\/\/www.signaturebya.com\/index.php?rest_route=\/wp\/v2\/product"}],"about":[{"href":"https:\/\/www.signaturebya.com\/index.php?rest_route=\/wp\/v2\/types\/product"}],"replies":[{"embeddable":true,"href":"https:\/\/www.signaturebya.com\/index.php?rest_route=%2Fwp%2Fv2%2Fcomments&post=10536"}],"wp:featuredmedia":[{"embeddable":true,"href":"https:\/\/www.signaturebya.com\/index.php?rest_route=\/wp\/v2\/media\/10539"}],"wp:attachment":[{"href":"https:\/\/www.signaturebya.com\/index.php?rest_route=%2Fwp%2Fv2%2Fmedia&parent=10536"}],"wp:term":[{"taxonomy":"product_cat","embeddable":true,"href":"https:\/\/www.signaturebya.com\/index.php?rest_route=%2Fwp%2Fv2%2Fproduct_cat&post=10536"},{"taxonomy":"product_tag","embeddable":true,"href":"https:\/\/www.signaturebya.com\/index.php?rest_route=%2Fwp%2Fv2%2Fproduct_tag&post=10536"}],"curies":[{"name":"wp","href":"https:\/\/api.w.org\/{rel}","templated":true}]}}