{"id":10579,"date":"2024-01-15T17:21:48","date_gmt":"2024-01-15T16:21:48","guid":{"rendered":"https:\/\/www.signaturebya.com\/?post_type=product&#038;p=10579"},"modified":"2024-01-31T09:46:23","modified_gmt":"2024-01-31T08:46:23","slug":"oiseau-geometrique-en-ceramique","status":"publish","type":"product","link":"https:\/\/www.signaturebya.com\/?product=oiseau-geometrique-en-ceramique","title":{"rendered":"Oiseau G\u00e9om\u00e9trique en C\u00e9ramique"},"content":{"rendered":"","protected":false},"excerpt":{"rendered":"<p>Existe en deux dimensions :<\/p>\n<p>18.5* 16.5* 24.5 cm<\/p>\n<p class=\"p1\">16*15.5*20 cm<\/p>\n<p>Cliquer plus bas pour choisir la dimension.<\/p>\n","protected":false},"featured_media":10582,"comment_status":"open","ping_status":"closed","template":"","meta":[],"product_cat":[103,105,188,112,223],"product_tag":[],"_links":{"self":[{"href":"https:\/\/www.signaturebya.com\/index.php?rest_route=\/wp\/v2\/product\/10579"}],"collection":[{"href":"https:\/\/www.signaturebya.com\/index.php?rest_route=\/wp\/v2\/product"}],"about":[{"href":"https:\/\/www.signaturebya.com\/index.php?rest_route=\/wp\/v2\/types\/product"}],"replies":[{"embeddable":true,"href":"https:\/\/www.signaturebya.com\/index.php?rest_route=%2Fwp%2Fv2%2Fcomments&post=10579"}],"wp:featuredmedia":[{"embeddable":true,"href":"https:\/\/www.signaturebya.com\/index.php?rest_route=\/wp\/v2\/media\/10582"}],"wp:attachment":[{"href":"https:\/\/www.signaturebya.com\/index.php?rest_route=%2Fwp%2Fv2%2Fmedia&parent=10579"}],"wp:term":[{"taxonomy":"product_cat","embeddable":true,"href":"https:\/\/www.signaturebya.com\/index.php?rest_route=%2Fwp%2Fv2%2Fproduct_cat&post=10579"},{"taxonomy":"product_tag","embeddable":true,"href":"https:\/\/www.signaturebya.com\/index.php?rest_route=%2Fwp%2Fv2%2Fproduct_tag&post=10579"}],"curies":[{"name":"wp","href":"https:\/\/api.w.org\/{rel}","templated":true}]}}