{"id":10596,"date":"2024-01-17T08:31:17","date_gmt":"2024-01-17T07:31:17","guid":{"rendered":"https:\/\/www.signaturebya.com\/?post_type=product&#038;p=10596"},"modified":"2025-04-18T07:31:28","modified_gmt":"2025-04-18T06:31:28","slug":"boules-decoratives-3d-en-resine","status":"publish","type":"product","link":"https:\/\/www.signaturebya.com\/?product=boules-decoratives-3d-en-resine","title":{"rendered":"Boules D\u00e9coratives 3D en R\u00e9sine"},"content":{"rendered":"","protected":false},"excerpt":{"rendered":"<p>Tr\u00e8s jolies boules d\u00e9coratives en r\u00e9sine.<\/p>\n<p>Existent en deux dimensions:<\/p>\n<p class=\"p1\">15.7*15.7* 15 cm<\/p>\n<p class=\"p1\">11.8*11.8*10.8 cm<\/p>\n","protected":false},"featured_media":10601,"comment_status":"open","ping_status":"closed","template":"","meta":[],"product_cat":[103,119,105,284],"product_tag":[],"_links":{"self":[{"href":"https:\/\/www.signaturebya.com\/index.php?rest_route=\/wp\/v2\/product\/10596"}],"collection":[{"href":"https:\/\/www.signaturebya.com\/index.php?rest_route=\/wp\/v2\/product"}],"about":[{"href":"https:\/\/www.signaturebya.com\/index.php?rest_route=\/wp\/v2\/types\/product"}],"replies":[{"embeddable":true,"href":"https:\/\/www.signaturebya.com\/index.php?rest_route=%2Fwp%2Fv2%2Fcomments&post=10596"}],"wp:featuredmedia":[{"embeddable":true,"href":"https:\/\/www.signaturebya.com\/index.php?rest_route=\/wp\/v2\/media\/10601"}],"wp:attachment":[{"href":"https:\/\/www.signaturebya.com\/index.php?rest_route=%2Fwp%2Fv2%2Fmedia&parent=10596"}],"wp:term":[{"taxonomy":"product_cat","embeddable":true,"href":"https:\/\/www.signaturebya.com\/index.php?rest_route=%2Fwp%2Fv2%2Fproduct_cat&post=10596"},{"taxonomy":"product_tag","embeddable":true,"href":"https:\/\/www.signaturebya.com\/index.php?rest_route=%2Fwp%2Fv2%2Fproduct_tag&post=10596"}],"curies":[{"name":"wp","href":"https:\/\/api.w.org\/{rel}","templated":true}]}}