{"id":10604,"date":"2024-01-17T08:32:31","date_gmt":"2024-01-17T07:32:31","guid":{"rendered":"https:\/\/www.signaturebya.com\/?post_type=product&#038;p=10604"},"modified":"2024-04-07T22:54:33","modified_gmt":"2024-04-07T21:54:33","slug":"arcs-decoratif-en-resine-effet-pierre-vieillit","status":"publish","type":"product","link":"https:\/\/www.signaturebya.com\/?product=arcs-decoratif-en-resine-effet-pierre-vieillit","title":{"rendered":"Arcs d\u00e9coratif en R\u00e9sine Effet Pierre Vieillit"},"content":{"rendered":"","protected":false},"excerpt":{"rendered":"<p>Tr\u00e8s jolies boules d\u00e9coratives en r\u00e9sine.<\/p>\n<p>Existent en deux dimensions:<\/p>\n<p class=\"p1\">15*7*29.5 cm<\/p>\n<p class=\"p1\">14.5*7*20.5 cm<\/p>\n","protected":false},"featured_media":10610,"comment_status":"open","ping_status":"closed","template":"","meta":[],"product_cat":[103,119,105],"product_tag":[],"_links":{"self":[{"href":"https:\/\/www.signaturebya.com\/index.php?rest_route=\/wp\/v2\/product\/10604"}],"collection":[{"href":"https:\/\/www.signaturebya.com\/index.php?rest_route=\/wp\/v2\/product"}],"about":[{"href":"https:\/\/www.signaturebya.com\/index.php?rest_route=\/wp\/v2\/types\/product"}],"replies":[{"embeddable":true,"href":"https:\/\/www.signaturebya.com\/index.php?rest_route=%2Fwp%2Fv2%2Fcomments&post=10604"}],"wp:featuredmedia":[{"embeddable":true,"href":"https:\/\/www.signaturebya.com\/index.php?rest_route=\/wp\/v2\/media\/10610"}],"wp:attachment":[{"href":"https:\/\/www.signaturebya.com\/index.php?rest_route=%2Fwp%2Fv2%2Fmedia&parent=10604"}],"wp:term":[{"taxonomy":"product_cat","embeddable":true,"href":"https:\/\/www.signaturebya.com\/index.php?rest_route=%2Fwp%2Fv2%2Fproduct_cat&post=10604"},{"taxonomy":"product_tag","embeddable":true,"href":"https:\/\/www.signaturebya.com\/index.php?rest_route=%2Fwp%2Fv2%2Fproduct_tag&post=10604"}],"curies":[{"name":"wp","href":"https:\/\/api.w.org\/{rel}","templated":true}]}}