{"id":10623,"date":"2024-01-17T09:23:37","date_gmt":"2024-01-17T08:23:37","guid":{"rendered":"https:\/\/www.signaturebya.com\/?post_type=product&#038;p=10623"},"modified":"2024-04-06T19:00:16","modified_gmt":"2024-04-06T18:00:16","slug":"elephant-golden-ear-en-resine","status":"publish","type":"product","link":"https:\/\/www.signaturebya.com\/?product=elephant-golden-ear-en-resine","title":{"rendered":"El\u00e9phant Golden Ear en R\u00e9sine"},"content":{"rendered":"","protected":false},"excerpt":{"rendered":"<p>El\u00e9phants aux oreilles dor\u00e9es, simplement beaux.<\/p>\n<p>Existent en deux dimensions:<\/p>\n<p class=\"p1\">20*14*18.5 cm<\/p>\n<p class=\"p1\">14.5*10.5*12 cm<\/p>\n","protected":false},"featured_media":10630,"comment_status":"open","ping_status":"closed","template":"","meta":[],"product_cat":[103,119,105],"product_tag":[],"_links":{"self":[{"href":"https:\/\/www.signaturebya.com\/index.php?rest_route=\/wp\/v2\/product\/10623"}],"collection":[{"href":"https:\/\/www.signaturebya.com\/index.php?rest_route=\/wp\/v2\/product"}],"about":[{"href":"https:\/\/www.signaturebya.com\/index.php?rest_route=\/wp\/v2\/types\/product"}],"replies":[{"embeddable":true,"href":"https:\/\/www.signaturebya.com\/index.php?rest_route=%2Fwp%2Fv2%2Fcomments&post=10623"}],"wp:featuredmedia":[{"embeddable":true,"href":"https:\/\/www.signaturebya.com\/index.php?rest_route=\/wp\/v2\/media\/10630"}],"wp:attachment":[{"href":"https:\/\/www.signaturebya.com\/index.php?rest_route=%2Fwp%2Fv2%2Fmedia&parent=10623"}],"wp:term":[{"taxonomy":"product_cat","embeddable":true,"href":"https:\/\/www.signaturebya.com\/index.php?rest_route=%2Fwp%2Fv2%2Fproduct_cat&post=10623"},{"taxonomy":"product_tag","embeddable":true,"href":"https:\/\/www.signaturebya.com\/index.php?rest_route=%2Fwp%2Fv2%2Fproduct_tag&post=10623"}],"curies":[{"name":"wp","href":"https:\/\/api.w.org\/{rel}","templated":true}]}}