{"id":10652,"date":"2024-01-31T10:32:38","date_gmt":"2024-01-31T09:32:38","guid":{"rendered":"https:\/\/www.signaturebya.com\/?post_type=product&#038;p=10652"},"modified":"2025-06-12T20:59:56","modified_gmt":"2025-06-12T19:59:56","slug":"sculpture-serre-livre-en-resine","status":"publish","type":"product","link":"https:\/\/www.signaturebya.com\/?product=sculpture-serre-livre-en-resine","title":{"rendered":"Sculpture Serre-livre en R\u00e9sine"},"content":{"rendered":"","protected":false},"excerpt":{"rendered":"<p>Une tr\u00e8s belle sculpture en r\u00e9sine. Peut \u00eatre utilis\u00e9 comme objet d\u00e9coratif ou \u00e9galement comme serre-livres.<\/p>\n<p>Dimensions:<\/p>\n<p class=\"p1\">19*12.5*26.5 cm<\/p>\n","protected":false},"featured_media":10657,"comment_status":"open","ping_status":"closed","template":"","meta":[],"product_cat":[103,119,105,222,284],"product_tag":[],"_links":{"self":[{"href":"https:\/\/www.signaturebya.com\/index.php?rest_route=\/wp\/v2\/product\/10652"}],"collection":[{"href":"https:\/\/www.signaturebya.com\/index.php?rest_route=\/wp\/v2\/product"}],"about":[{"href":"https:\/\/www.signaturebya.com\/index.php?rest_route=\/wp\/v2\/types\/product"}],"replies":[{"embeddable":true,"href":"https:\/\/www.signaturebya.com\/index.php?rest_route=%2Fwp%2Fv2%2Fcomments&post=10652"}],"wp:featuredmedia":[{"embeddable":true,"href":"https:\/\/www.signaturebya.com\/index.php?rest_route=\/wp\/v2\/media\/10657"}],"wp:attachment":[{"href":"https:\/\/www.signaturebya.com\/index.php?rest_route=%2Fwp%2Fv2%2Fmedia&parent=10652"}],"wp:term":[{"taxonomy":"product_cat","embeddable":true,"href":"https:\/\/www.signaturebya.com\/index.php?rest_route=%2Fwp%2Fv2%2Fproduct_cat&post=10652"},{"taxonomy":"product_tag","embeddable":true,"href":"https:\/\/www.signaturebya.com\/index.php?rest_route=%2Fwp%2Fv2%2Fproduct_tag&post=10652"}],"curies":[{"name":"wp","href":"https:\/\/api.w.org\/{rel}","templated":true}]}}