{"id":10658,"date":"2024-01-31T10:39:14","date_gmt":"2024-01-31T09:39:14","guid":{"rendered":"https:\/\/www.signaturebya.com\/?post_type=product&#038;p=10658"},"modified":"2025-06-05T08:38:06","modified_gmt":"2025-06-05T07:38:06","slug":"poisson-en-pierre-et-resine-queue-doree","status":"publish","type":"product","link":"https:\/\/www.signaturebya.com\/?product=poisson-en-pierre-et-resine-queue-doree","title":{"rendered":"Poisson en Pierre et r\u00e9sine Queue dor\u00e9e"},"content":{"rendered":"","protected":false},"excerpt":{"rendered":"<p>Un bel objet d\u00e9coratif en forme de poisson avec une petite touche dor\u00e9e, id\u00e9al \u00e0 poser sur un livre d\u00e9coratif, sur une table basse.<\/p>\n<p>Dimensions:<\/p>\n<p class=\"p1\">18*8*12 cm<\/p>\n","protected":false},"featured_media":10673,"comment_status":"open","ping_status":"closed","template":"","meta":[],"product_cat":[103,119,105,223],"product_tag":[],"_links":{"self":[{"href":"https:\/\/www.signaturebya.com\/index.php?rest_route=\/wp\/v2\/product\/10658"}],"collection":[{"href":"https:\/\/www.signaturebya.com\/index.php?rest_route=\/wp\/v2\/product"}],"about":[{"href":"https:\/\/www.signaturebya.com\/index.php?rest_route=\/wp\/v2\/types\/product"}],"replies":[{"embeddable":true,"href":"https:\/\/www.signaturebya.com\/index.php?rest_route=%2Fwp%2Fv2%2Fcomments&post=10658"}],"wp:featuredmedia":[{"embeddable":true,"href":"https:\/\/www.signaturebya.com\/index.php?rest_route=\/wp\/v2\/media\/10673"}],"wp:attachment":[{"href":"https:\/\/www.signaturebya.com\/index.php?rest_route=%2Fwp%2Fv2%2Fmedia&parent=10658"}],"wp:term":[{"taxonomy":"product_cat","embeddable":true,"href":"https:\/\/www.signaturebya.com\/index.php?rest_route=%2Fwp%2Fv2%2Fproduct_cat&post=10658"},{"taxonomy":"product_tag","embeddable":true,"href":"https:\/\/www.signaturebya.com\/index.php?rest_route=%2Fwp%2Fv2%2Fproduct_tag&post=10658"}],"curies":[{"name":"wp","href":"https:\/\/api.w.org\/{rel}","templated":true}]}}