{"id":10668,"date":"2024-02-01T07:26:14","date_gmt":"2024-02-01T06:26:14","guid":{"rendered":"https:\/\/www.signaturebya.com\/?post_type=product&#038;p=10668"},"modified":"2024-02-24T11:21:07","modified_gmt":"2024-02-24T10:21:07","slug":"coupe-ondulee-en-verre-pailletee-a","status":"publish","type":"product","link":"https:\/\/www.signaturebya.com\/?product=coupe-ondulee-en-verre-pailletee-a","title":{"rendered":"Coupe Ondul\u00e9e en Verre Paillet\u00e9e A"},"content":{"rendered":"","protected":false},"excerpt":{"rendered":"<p>Une coupe \u00e0 fruits ou autres tout en transparence, \u00e0 la forme originale et ondul\u00e9e. Id\u00e9ale au milieu d&rsquo;une belle table \u00e0 manger.<\/p>\n<p>Dimensions:<\/p>\n<p class=\"p1\">30*26*8.5 cm<\/p>\n","protected":false},"featured_media":10671,"comment_status":"open","ping_status":"closed","template":"","meta":[],"product_cat":[103,105,106,113,223],"product_tag":[],"_links":{"self":[{"href":"https:\/\/www.signaturebya.com\/index.php?rest_route=\/wp\/v2\/product\/10668"}],"collection":[{"href":"https:\/\/www.signaturebya.com\/index.php?rest_route=\/wp\/v2\/product"}],"about":[{"href":"https:\/\/www.signaturebya.com\/index.php?rest_route=\/wp\/v2\/types\/product"}],"replies":[{"embeddable":true,"href":"https:\/\/www.signaturebya.com\/index.php?rest_route=%2Fwp%2Fv2%2Fcomments&post=10668"}],"wp:featuredmedia":[{"embeddable":true,"href":"https:\/\/www.signaturebya.com\/index.php?rest_route=\/wp\/v2\/media\/10671"}],"wp:attachment":[{"href":"https:\/\/www.signaturebya.com\/index.php?rest_route=%2Fwp%2Fv2%2Fmedia&parent=10668"}],"wp:term":[{"taxonomy":"product_cat","embeddable":true,"href":"https:\/\/www.signaturebya.com\/index.php?rest_route=%2Fwp%2Fv2%2Fproduct_cat&post=10668"},{"taxonomy":"product_tag","embeddable":true,"href":"https:\/\/www.signaturebya.com\/index.php?rest_route=%2Fwp%2Fv2%2Fproduct_tag&post=10668"}],"curies":[{"name":"wp","href":"https:\/\/api.w.org\/{rel}","templated":true}]}}