{"id":10675,"date":"2024-02-01T07:44:51","date_gmt":"2024-02-01T06:44:51","guid":{"rendered":"https:\/\/www.signaturebya.com\/?post_type=product&#038;p=10675"},"modified":"2024-10-20T13:31:20","modified_gmt":"2024-10-20T12:31:20","slug":"coupe-ondulee-en-verre-paillete-b","status":"publish","type":"product","link":"https:\/\/www.signaturebya.com\/?product=coupe-ondulee-en-verre-paillete-b","title":{"rendered":"Coupe Ondul\u00e9e en Verre Paillet\u00e9 B"},"content":{"rendered":"","protected":false},"excerpt":{"rendered":"<p>Une coupe \u00e0 fruits ou autres tout en transparence, \u00e0 la forme originale et ondul\u00e9e. Id\u00e9ale au milieu d&rsquo;une belle table \u00e0 manger.<\/p>\n<p>Dimensions:<\/p>\n<p class=\"p1\">22*16.5*7.5 cm<\/p>\n","protected":false},"featured_media":10670,"comment_status":"open","ping_status":"closed","template":"","meta":[],"product_cat":[103,105,106,113,223],"product_tag":[],"_links":{"self":[{"href":"https:\/\/www.signaturebya.com\/index.php?rest_route=\/wp\/v2\/product\/10675"}],"collection":[{"href":"https:\/\/www.signaturebya.com\/index.php?rest_route=\/wp\/v2\/product"}],"about":[{"href":"https:\/\/www.signaturebya.com\/index.php?rest_route=\/wp\/v2\/types\/product"}],"replies":[{"embeddable":true,"href":"https:\/\/www.signaturebya.com\/index.php?rest_route=%2Fwp%2Fv2%2Fcomments&post=10675"}],"wp:featuredmedia":[{"embeddable":true,"href":"https:\/\/www.signaturebya.com\/index.php?rest_route=\/wp\/v2\/media\/10670"}],"wp:attachment":[{"href":"https:\/\/www.signaturebya.com\/index.php?rest_route=%2Fwp%2Fv2%2Fmedia&parent=10675"}],"wp:term":[{"taxonomy":"product_cat","embeddable":true,"href":"https:\/\/www.signaturebya.com\/index.php?rest_route=%2Fwp%2Fv2%2Fproduct_cat&post=10675"},{"taxonomy":"product_tag","embeddable":true,"href":"https:\/\/www.signaturebya.com\/index.php?rest_route=%2Fwp%2Fv2%2Fproduct_tag&post=10675"}],"curies":[{"name":"wp","href":"https:\/\/api.w.org\/{rel}","templated":true}]}}