{"id":10676,"date":"2024-02-01T07:47:59","date_gmt":"2024-02-01T06:47:59","guid":{"rendered":"https:\/\/www.signaturebya.com\/?post_type=product&#038;p=10676"},"modified":"2025-05-09T08:31:08","modified_gmt":"2025-05-09T07:31:08","slug":"grenade-en-verre-noir-blanc","status":"publish","type":"product","link":"https:\/\/www.signaturebya.com\/?product=grenade-en-verre-noir-blanc","title":{"rendered":"Grenade en Verre Noir &#038; Blanc"},"content":{"rendered":"","protected":false},"excerpt":{"rendered":"<p>Magnifiques grenades en verre, travaill\u00e9es \u00e0 la main. Des pi\u00e8ces uniques qui rajouteront une touche chic \u00e0 votre int\u00e9rieur.<\/p>\n<p>Disponibles en deux dimensions:<\/p>\n<p class=\"p1\">10.5*10.5*10.5 cm<\/p>\n<p class=\"p1\">8.5*8.5*9 cm<\/p>\n","protected":false},"featured_media":10680,"comment_status":"open","ping_status":"closed","template":"","meta":[],"product_cat":[103,105,106,284,113,112],"product_tag":[],"_links":{"self":[{"href":"https:\/\/www.signaturebya.com\/index.php?rest_route=\/wp\/v2\/product\/10676"}],"collection":[{"href":"https:\/\/www.signaturebya.com\/index.php?rest_route=\/wp\/v2\/product"}],"about":[{"href":"https:\/\/www.signaturebya.com\/index.php?rest_route=\/wp\/v2\/types\/product"}],"replies":[{"embeddable":true,"href":"https:\/\/www.signaturebya.com\/index.php?rest_route=%2Fwp%2Fv2%2Fcomments&post=10676"}],"wp:featuredmedia":[{"embeddable":true,"href":"https:\/\/www.signaturebya.com\/index.php?rest_route=\/wp\/v2\/media\/10680"}],"wp:attachment":[{"href":"https:\/\/www.signaturebya.com\/index.php?rest_route=%2Fwp%2Fv2%2Fmedia&parent=10676"}],"wp:term":[{"taxonomy":"product_cat","embeddable":true,"href":"https:\/\/www.signaturebya.com\/index.php?rest_route=%2Fwp%2Fv2%2Fproduct_cat&post=10676"},{"taxonomy":"product_tag","embeddable":true,"href":"https:\/\/www.signaturebya.com\/index.php?rest_route=%2Fwp%2Fv2%2Fproduct_tag&post=10676"}],"curies":[{"name":"wp","href":"https:\/\/api.w.org\/{rel}","templated":true}]}}