{"id":10692,"date":"2024-02-01T08:21:01","date_gmt":"2024-02-01T07:21:01","guid":{"rendered":"https:\/\/www.signaturebya.com\/?post_type=product&#038;p=10692"},"modified":"2024-03-27T10:59:24","modified_gmt":"2024-03-27T09:59:24","slug":"ours-decoratif-en-verre","status":"publish","type":"product","link":"https:\/\/www.signaturebya.com\/?product=ours-decoratif-en-verre","title":{"rendered":"Ours D\u00e9coratif en Verre"},"content":{"rendered":"","protected":false},"excerpt":{"rendered":"<p>Tr\u00e8s joli ours d\u00e9coratif en verre. \u00c0 mettre sur une magazine d\u00e9coratif sur une table basse.<\/p>\n<p>Dimensions:<\/p>\n<p class=\"p1\">12.5*6*10 cm<\/p>\n","protected":false},"featured_media":10689,"comment_status":"open","ping_status":"closed","template":"","meta":[],"product_cat":[103,105,106,113],"product_tag":[],"_links":{"self":[{"href":"https:\/\/www.signaturebya.com\/index.php?rest_route=\/wp\/v2\/product\/10692"}],"collection":[{"href":"https:\/\/www.signaturebya.com\/index.php?rest_route=\/wp\/v2\/product"}],"about":[{"href":"https:\/\/www.signaturebya.com\/index.php?rest_route=\/wp\/v2\/types\/product"}],"replies":[{"embeddable":true,"href":"https:\/\/www.signaturebya.com\/index.php?rest_route=%2Fwp%2Fv2%2Fcomments&post=10692"}],"wp:featuredmedia":[{"embeddable":true,"href":"https:\/\/www.signaturebya.com\/index.php?rest_route=\/wp\/v2\/media\/10689"}],"wp:attachment":[{"href":"https:\/\/www.signaturebya.com\/index.php?rest_route=%2Fwp%2Fv2%2Fmedia&parent=10692"}],"wp:term":[{"taxonomy":"product_cat","embeddable":true,"href":"https:\/\/www.signaturebya.com\/index.php?rest_route=%2Fwp%2Fv2%2Fproduct_cat&post=10692"},{"taxonomy":"product_tag","embeddable":true,"href":"https:\/\/www.signaturebya.com\/index.php?rest_route=%2Fwp%2Fv2%2Fproduct_tag&post=10692"}],"curies":[{"name":"wp","href":"https:\/\/api.w.org\/{rel}","templated":true}]}}