{"id":10693,"date":"2024-02-01T08:25:22","date_gmt":"2024-02-01T07:25:22","guid":{"rendered":"https:\/\/www.signaturebya.com\/?post_type=product&#038;p=10693"},"modified":"2024-06-20T08:32:57","modified_gmt":"2024-06-20T07:32:57","slug":"noeud-decoratif-en-bois","status":"publish","type":"product","link":"https:\/\/www.signaturebya.com\/?product=noeud-decoratif-en-bois","title":{"rendered":"Noeud D\u00e9coratif en Bois"},"content":{"rendered":"","protected":false},"excerpt":{"rendered":"<p>Tr\u00e8s joli noeud en bois d\u00e9coratif \u00e0 mettre sur des livres sur une table basse.<\/p>\n<p>Dimensions:<\/p>\n<p class=\"p1\">23*17*11cm<\/p>\n","protected":false},"featured_media":10694,"comment_status":"open","ping_status":"closed","template":"","meta":[],"product_cat":[103,105,238],"product_tag":[],"_links":{"self":[{"href":"https:\/\/www.signaturebya.com\/index.php?rest_route=\/wp\/v2\/product\/10693"}],"collection":[{"href":"https:\/\/www.signaturebya.com\/index.php?rest_route=\/wp\/v2\/product"}],"about":[{"href":"https:\/\/www.signaturebya.com\/index.php?rest_route=\/wp\/v2\/types\/product"}],"replies":[{"embeddable":true,"href":"https:\/\/www.signaturebya.com\/index.php?rest_route=%2Fwp%2Fv2%2Fcomments&post=10693"}],"wp:featuredmedia":[{"embeddable":true,"href":"https:\/\/www.signaturebya.com\/index.php?rest_route=\/wp\/v2\/media\/10694"}],"wp:attachment":[{"href":"https:\/\/www.signaturebya.com\/index.php?rest_route=%2Fwp%2Fv2%2Fmedia&parent=10693"}],"wp:term":[{"taxonomy":"product_cat","embeddable":true,"href":"https:\/\/www.signaturebya.com\/index.php?rest_route=%2Fwp%2Fv2%2Fproduct_cat&post=10693"},{"taxonomy":"product_tag","embeddable":true,"href":"https:\/\/www.signaturebya.com\/index.php?rest_route=%2Fwp%2Fv2%2Fproduct_tag&post=10693"}],"curies":[{"name":"wp","href":"https:\/\/api.w.org\/{rel}","templated":true}]}}