{"id":10704,"date":"2024-02-02T07:24:09","date_gmt":"2024-02-02T06:24:09","guid":{"rendered":"https:\/\/www.signaturebya.com\/?post_type=product&#038;p=10704"},"modified":"2025-06-02T07:24:35","modified_gmt":"2025-06-02T06:24:35","slug":"sculpture-en-bois-rings","status":"publish","type":"product","link":"https:\/\/www.signaturebya.com\/?product=sculpture-en-bois-rings","title":{"rendered":"Sculpture en Bois &lsquo;Rings&rsquo;"},"content":{"rendered":"","protected":false},"excerpt":{"rendered":"<p>Tr\u00e8s tendance cette ann\u00e9e, les sculptures en bois font sensation! Une belle pi\u00e8ce \u00e0 avoir, chic er sobre avec une petite touche de bronze.<\/p>\n<p>Dimensions:<\/p>\n<p class=\"p1\">21x8x 43 cm<\/p>\n<p class=\"p1\">\n","protected":false},"featured_media":10707,"comment_status":"open","ping_status":"closed","template":"","meta":[],"product_cat":[103,105,238],"product_tag":[],"_links":{"self":[{"href":"https:\/\/www.signaturebya.com\/index.php?rest_route=\/wp\/v2\/product\/10704"}],"collection":[{"href":"https:\/\/www.signaturebya.com\/index.php?rest_route=\/wp\/v2\/product"}],"about":[{"href":"https:\/\/www.signaturebya.com\/index.php?rest_route=\/wp\/v2\/types\/product"}],"replies":[{"embeddable":true,"href":"https:\/\/www.signaturebya.com\/index.php?rest_route=%2Fwp%2Fv2%2Fcomments&post=10704"}],"wp:featuredmedia":[{"embeddable":true,"href":"https:\/\/www.signaturebya.com\/index.php?rest_route=\/wp\/v2\/media\/10707"}],"wp:attachment":[{"href":"https:\/\/www.signaturebya.com\/index.php?rest_route=%2Fwp%2Fv2%2Fmedia&parent=10704"}],"wp:term":[{"taxonomy":"product_cat","embeddable":true,"href":"https:\/\/www.signaturebya.com\/index.php?rest_route=%2Fwp%2Fv2%2Fproduct_cat&post=10704"},{"taxonomy":"product_tag","embeddable":true,"href":"https:\/\/www.signaturebya.com\/index.php?rest_route=%2Fwp%2Fv2%2Fproduct_tag&post=10704"}],"curies":[{"name":"wp","href":"https:\/\/api.w.org\/{rel}","templated":true}]}}