{"id":10712,"date":"2024-02-02T10:16:05","date_gmt":"2024-02-02T09:16:05","guid":{"rendered":"https:\/\/www.signaturebya.com\/?post_type=product&#038;p=10712"},"modified":"2025-06-05T08:38:05","modified_gmt":"2025-06-05T07:38:05","slug":"echiquier-en-bois-metal","status":"publish","type":"product","link":"https:\/\/www.signaturebya.com\/?product=echiquier-en-bois-metal","title":{"rendered":"\u00c9chiquier en Bois &#038; M\u00e9tal"},"content":{"rendered":"","protected":false},"excerpt":{"rendered":"<p>L&rsquo;\u00e9chiquier en bois et m\u00e9tal pr\u00e9sente un excellent rendu sur une joli table basse.<\/p>\n<p>Dimensions:<\/p>\n<p class=\"p1\">35*35*6.7 cm<\/p>\n","protected":false},"featured_media":10713,"comment_status":"open","ping_status":"closed","template":"","meta":[],"product_cat":[103,105,238],"product_tag":[],"_links":{"self":[{"href":"https:\/\/www.signaturebya.com\/index.php?rest_route=\/wp\/v2\/product\/10712"}],"collection":[{"href":"https:\/\/www.signaturebya.com\/index.php?rest_route=\/wp\/v2\/product"}],"about":[{"href":"https:\/\/www.signaturebya.com\/index.php?rest_route=\/wp\/v2\/types\/product"}],"replies":[{"embeddable":true,"href":"https:\/\/www.signaturebya.com\/index.php?rest_route=%2Fwp%2Fv2%2Fcomments&post=10712"}],"wp:featuredmedia":[{"embeddable":true,"href":"https:\/\/www.signaturebya.com\/index.php?rest_route=\/wp\/v2\/media\/10713"}],"wp:attachment":[{"href":"https:\/\/www.signaturebya.com\/index.php?rest_route=%2Fwp%2Fv2%2Fmedia&parent=10712"}],"wp:term":[{"taxonomy":"product_cat","embeddable":true,"href":"https:\/\/www.signaturebya.com\/index.php?rest_route=%2Fwp%2Fv2%2Fproduct_cat&post=10712"},{"taxonomy":"product_tag","embeddable":true,"href":"https:\/\/www.signaturebya.com\/index.php?rest_route=%2Fwp%2Fv2%2Fproduct_tag&post=10712"}],"curies":[{"name":"wp","href":"https:\/\/api.w.org\/{rel}","templated":true}]}}