{"id":10737,"date":"2024-02-03T07:59:16","date_gmt":"2024-02-03T06:59:16","guid":{"rendered":"https:\/\/www.signaturebya.com\/?post_type=product&#038;p=10737"},"modified":"2025-06-05T08:38:06","modified_gmt":"2025-06-05T07:38:06","slug":"grande-coupe-en-verre-gris-degrade","status":"publish","type":"product","link":"https:\/\/www.signaturebya.com\/?product=grande-coupe-en-verre-gris-degrade","title":{"rendered":"Grande Coupe en Verre Gris d\u00e9grad\u00e9"},"content":{"rendered":"","protected":false},"excerpt":{"rendered":"<p>Cette grand coupe aux formes ondul\u00e9es serait parfaite sur une grande table \u00e0 manger.<\/p>\n<p>Dimensions:<\/p>\n<p class=\"p1\">46* 32.5*12 cm<\/p>\n","protected":false},"featured_media":10739,"comment_status":"open","ping_status":"closed","template":"","meta":[],"product_cat":[103,115,243,105,106,113],"product_tag":[],"_links":{"self":[{"href":"https:\/\/www.signaturebya.com\/index.php?rest_route=\/wp\/v2\/product\/10737"}],"collection":[{"href":"https:\/\/www.signaturebya.com\/index.php?rest_route=\/wp\/v2\/product"}],"about":[{"href":"https:\/\/www.signaturebya.com\/index.php?rest_route=\/wp\/v2\/types\/product"}],"replies":[{"embeddable":true,"href":"https:\/\/www.signaturebya.com\/index.php?rest_route=%2Fwp%2Fv2%2Fcomments&post=10737"}],"wp:featuredmedia":[{"embeddable":true,"href":"https:\/\/www.signaturebya.com\/index.php?rest_route=\/wp\/v2\/media\/10739"}],"wp:attachment":[{"href":"https:\/\/www.signaturebya.com\/index.php?rest_route=%2Fwp%2Fv2%2Fmedia&parent=10737"}],"wp:term":[{"taxonomy":"product_cat","embeddable":true,"href":"https:\/\/www.signaturebya.com\/index.php?rest_route=%2Fwp%2Fv2%2Fproduct_cat&post=10737"},{"taxonomy":"product_tag","embeddable":true,"href":"https:\/\/www.signaturebya.com\/index.php?rest_route=%2Fwp%2Fv2%2Fproduct_tag&post=10737"}],"curies":[{"name":"wp","href":"https:\/\/api.w.org\/{rel}","templated":true}]}}