{"id":10772,"date":"2024-02-05T17:02:48","date_gmt":"2024-02-05T16:02:48","guid":{"rendered":"https:\/\/www.signaturebya.com\/?post_type=product&#038;p=10772"},"modified":"2025-06-05T08:38:06","modified_gmt":"2025-06-05T07:38:06","slug":"vase-en-ceramique-a-rayures-verticales-horizontales","status":"publish","type":"product","link":"https:\/\/www.signaturebya.com\/?product=vase-en-ceramique-a-rayures-verticales-horizontales","title":{"rendered":"Vase en C\u00e9ramique \u00e0 Rayures Horizontales"},"content":{"rendered":"","protected":false},"excerpt":{"rendered":"<p>Sur un fond gr\u00e8ge, ce vase fait partie d&rsquo;une collection ravissante de diff\u00e9rents vases en c\u00e9ramique, avec diff\u00e9rentes formes tr\u00e8s originales.<\/p>\n<p>Dimensions:<\/p>\n<p class=\"p1\">18*8.5*29.3cm<\/p>\n","protected":false},"featured_media":10764,"comment_status":"open","ping_status":"closed","template":"","meta":[],"product_cat":[103,105,104,110,112],"product_tag":[],"_links":{"self":[{"href":"https:\/\/www.signaturebya.com\/index.php?rest_route=\/wp\/v2\/product\/10772"}],"collection":[{"href":"https:\/\/www.signaturebya.com\/index.php?rest_route=\/wp\/v2\/product"}],"about":[{"href":"https:\/\/www.signaturebya.com\/index.php?rest_route=\/wp\/v2\/types\/product"}],"replies":[{"embeddable":true,"href":"https:\/\/www.signaturebya.com\/index.php?rest_route=%2Fwp%2Fv2%2Fcomments&post=10772"}],"wp:featuredmedia":[{"embeddable":true,"href":"https:\/\/www.signaturebya.com\/index.php?rest_route=\/wp\/v2\/media\/10764"}],"wp:attachment":[{"href":"https:\/\/www.signaturebya.com\/index.php?rest_route=%2Fwp%2Fv2%2Fmedia&parent=10772"}],"wp:term":[{"taxonomy":"product_cat","embeddable":true,"href":"https:\/\/www.signaturebya.com\/index.php?rest_route=%2Fwp%2Fv2%2Fproduct_cat&post=10772"},{"taxonomy":"product_tag","embeddable":true,"href":"https:\/\/www.signaturebya.com\/index.php?rest_route=%2Fwp%2Fv2%2Fproduct_tag&post=10772"}],"curies":[{"name":"wp","href":"https:\/\/api.w.org\/{rel}","templated":true}]}}