{"id":10774,"date":"2024-02-05T17:07:38","date_gmt":"2024-02-05T16:07:38","guid":{"rendered":"https:\/\/www.signaturebya.com\/?post_type=product&#038;p=10774"},"modified":"2024-03-03T16:59:29","modified_gmt":"2024-03-03T15:59:29","slug":"vase-en-ceramique-a-petits-pieds","status":"publish","type":"product","link":"https:\/\/www.signaturebya.com\/?product=vase-en-ceramique-a-petits-pieds","title":{"rendered":"Vase en C\u00e9ramique \u00e0 Petits Pieds"},"content":{"rendered":"","protected":false},"excerpt":{"rendered":"<p>Sur un fond gr\u00e8ge, ce vase fait partie d&rsquo;une collection ravissante de diff\u00e9rents vases en c\u00e9ramique, avec diff\u00e9rentes formes tr\u00e8s originales.<\/p>\n<p>Dimensions:<\/p>\n<p class=\"p1\">14.5*9.5*14 cm<\/p>\n","protected":false},"featured_media":10766,"comment_status":"open","ping_status":"closed","template":"","meta":[],"product_cat":[103,105,104,110,112],"product_tag":[],"_links":{"self":[{"href":"https:\/\/www.signaturebya.com\/index.php?rest_route=\/wp\/v2\/product\/10774"}],"collection":[{"href":"https:\/\/www.signaturebya.com\/index.php?rest_route=\/wp\/v2\/product"}],"about":[{"href":"https:\/\/www.signaturebya.com\/index.php?rest_route=\/wp\/v2\/types\/product"}],"replies":[{"embeddable":true,"href":"https:\/\/www.signaturebya.com\/index.php?rest_route=%2Fwp%2Fv2%2Fcomments&post=10774"}],"wp:featuredmedia":[{"embeddable":true,"href":"https:\/\/www.signaturebya.com\/index.php?rest_route=\/wp\/v2\/media\/10766"}],"wp:attachment":[{"href":"https:\/\/www.signaturebya.com\/index.php?rest_route=%2Fwp%2Fv2%2Fmedia&parent=10774"}],"wp:term":[{"taxonomy":"product_cat","embeddable":true,"href":"https:\/\/www.signaturebya.com\/index.php?rest_route=%2Fwp%2Fv2%2Fproduct_cat&post=10774"},{"taxonomy":"product_tag","embeddable":true,"href":"https:\/\/www.signaturebya.com\/index.php?rest_route=%2Fwp%2Fv2%2Fproduct_tag&post=10774"}],"curies":[{"name":"wp","href":"https:\/\/api.w.org\/{rel}","templated":true}]}}