{"id":10803,"date":"2024-02-06T08:32:32","date_gmt":"2024-02-06T07:32:32","guid":{"rendered":"https:\/\/www.signaturebya.com\/?post_type=product&#038;p=10803"},"modified":"2026-04-16T07:03:27","modified_gmt":"2026-04-16T06:03:27","slug":"le-colorful-vase-a-2-anses","status":"publish","type":"product","link":"https:\/\/www.signaturebya.com\/?product=le-colorful-vase-a-2-anses","title":{"rendered":"Le &lsquo;Colorful&rsquo; Vase \u00e0 2 Anses"},"content":{"rendered":"","protected":false},"excerpt":{"rendered":"<p>Si vous aimez avoir une petite touche de couleur dans votre int\u00e9rieur, voici une tr\u00e8s belle collection de vases peints \u00e0 la main, color\u00e9s et originaux.<\/p>\n<p>Dimensions:<\/p>\n<p class=\"p1\">22.3*20.8* 30 cm<\/p>\n","protected":false},"featured_media":10805,"comment_status":"open","ping_status":"closed","template":"","meta":[],"product_cat":[103,105,104,110],"product_tag":[],"_links":{"self":[{"href":"https:\/\/www.signaturebya.com\/index.php?rest_route=\/wp\/v2\/product\/10803"}],"collection":[{"href":"https:\/\/www.signaturebya.com\/index.php?rest_route=\/wp\/v2\/product"}],"about":[{"href":"https:\/\/www.signaturebya.com\/index.php?rest_route=\/wp\/v2\/types\/product"}],"replies":[{"embeddable":true,"href":"https:\/\/www.signaturebya.com\/index.php?rest_route=%2Fwp%2Fv2%2Fcomments&post=10803"}],"wp:featuredmedia":[{"embeddable":true,"href":"https:\/\/www.signaturebya.com\/index.php?rest_route=\/wp\/v2\/media\/10805"}],"wp:attachment":[{"href":"https:\/\/www.signaturebya.com\/index.php?rest_route=%2Fwp%2Fv2%2Fmedia&parent=10803"}],"wp:term":[{"taxonomy":"product_cat","embeddable":true,"href":"https:\/\/www.signaturebya.com\/index.php?rest_route=%2Fwp%2Fv2%2Fproduct_cat&post=10803"},{"taxonomy":"product_tag","embeddable":true,"href":"https:\/\/www.signaturebya.com\/index.php?rest_route=%2Fwp%2Fv2%2Fproduct_tag&post=10803"}],"curies":[{"name":"wp","href":"https:\/\/api.w.org\/{rel}","templated":true}]}}