{"id":10813,"date":"2024-02-06T08:45:08","date_gmt":"2024-02-06T07:45:08","guid":{"rendered":"https:\/\/www.signaturebya.com\/?post_type=product&#038;p=10813"},"modified":"2026-04-16T07:03:27","modified_gmt":"2026-04-16T06:03:27","slug":"le-colorful-painted-face","status":"publish","type":"product","link":"https:\/\/www.signaturebya.com\/?product=le-colorful-painted-face","title":{"rendered":"Le &lsquo;Colorful&rsquo; Painted Face Vase"},"content":{"rendered":"","protected":false},"excerpt":{"rendered":"<p>Si vous aimez avoir une petite touche de couleur dans votre int\u00e9rieur, voici une tr\u00e8s belle collection de vases peints \u00e0 la main, color\u00e9s et originaux.<\/p>\n<p>Dimensions:<\/p>\n<p class=\"p1\">18.3*14.5* 22.5 cm<\/p>\n","protected":false},"featured_media":10811,"comment_status":"open","ping_status":"closed","template":"","meta":[],"product_cat":[103,105,104,110],"product_tag":[],"_links":{"self":[{"href":"https:\/\/www.signaturebya.com\/index.php?rest_route=\/wp\/v2\/product\/10813"}],"collection":[{"href":"https:\/\/www.signaturebya.com\/index.php?rest_route=\/wp\/v2\/product"}],"about":[{"href":"https:\/\/www.signaturebya.com\/index.php?rest_route=\/wp\/v2\/types\/product"}],"replies":[{"embeddable":true,"href":"https:\/\/www.signaturebya.com\/index.php?rest_route=%2Fwp%2Fv2%2Fcomments&post=10813"}],"wp:featuredmedia":[{"embeddable":true,"href":"https:\/\/www.signaturebya.com\/index.php?rest_route=\/wp\/v2\/media\/10811"}],"wp:attachment":[{"href":"https:\/\/www.signaturebya.com\/index.php?rest_route=%2Fwp%2Fv2%2Fmedia&parent=10813"}],"wp:term":[{"taxonomy":"product_cat","embeddable":true,"href":"https:\/\/www.signaturebya.com\/index.php?rest_route=%2Fwp%2Fv2%2Fproduct_cat&post=10813"},{"taxonomy":"product_tag","embeddable":true,"href":"https:\/\/www.signaturebya.com\/index.php?rest_route=%2Fwp%2Fv2%2Fproduct_tag&post=10813"}],"curies":[{"name":"wp","href":"https:\/\/api.w.org\/{rel}","templated":true}]}}