{"id":10814,"date":"2024-02-06T08:50:23","date_gmt":"2024-02-06T07:50:23","guid":{"rendered":"https:\/\/www.signaturebya.com\/?post_type=product&#038;p=10814"},"modified":"2024-11-23T20:27:43","modified_gmt":"2024-11-23T19:27:43","slug":"grand-vase-blanc-casse-effet-rustique","status":"publish","type":"product","link":"https:\/\/www.signaturebya.com\/?product=grand-vase-blanc-casse-effet-rustique","title":{"rendered":"Grand Vase Blanc Cass\u00e9 Effet Rustique"},"content":{"rendered":"","protected":false},"excerpt":{"rendered":"<p>Ce grand vase est encore plus beau en vrai. Sa texture externe est tellement authentique et naturelle. Id\u00e9al avec des fleurs s\u00e9ch\u00e9es sur une console d&rsquo;entr\u00e9e.<\/p>\n<p>Dimensions:<\/p>\n<p class=\"p1\">27* 27* 29.5 cm<\/p>\n","protected":false},"featured_media":10819,"comment_status":"open","ping_status":"closed","template":"","meta":[],"product_cat":[103,105,104,110,111],"product_tag":[],"_links":{"self":[{"href":"https:\/\/www.signaturebya.com\/index.php?rest_route=\/wp\/v2\/product\/10814"}],"collection":[{"href":"https:\/\/www.signaturebya.com\/index.php?rest_route=\/wp\/v2\/product"}],"about":[{"href":"https:\/\/www.signaturebya.com\/index.php?rest_route=\/wp\/v2\/types\/product"}],"replies":[{"embeddable":true,"href":"https:\/\/www.signaturebya.com\/index.php?rest_route=%2Fwp%2Fv2%2Fcomments&post=10814"}],"wp:featuredmedia":[{"embeddable":true,"href":"https:\/\/www.signaturebya.com\/index.php?rest_route=\/wp\/v2\/media\/10819"}],"wp:attachment":[{"href":"https:\/\/www.signaturebya.com\/index.php?rest_route=%2Fwp%2Fv2%2Fmedia&parent=10814"}],"wp:term":[{"taxonomy":"product_cat","embeddable":true,"href":"https:\/\/www.signaturebya.com\/index.php?rest_route=%2Fwp%2Fv2%2Fproduct_cat&post=10814"},{"taxonomy":"product_tag","embeddable":true,"href":"https:\/\/www.signaturebya.com\/index.php?rest_route=%2Fwp%2Fv2%2Fproduct_tag&post=10814"}],"curies":[{"name":"wp","href":"https:\/\/api.w.org\/{rel}","templated":true}]}}