{"id":10822,"date":"2024-02-07T09:09:55","date_gmt":"2024-02-07T08:09:55","guid":{"rendered":"https:\/\/www.signaturebya.com\/?post_type=product&#038;p=10822"},"modified":"2024-10-20T13:31:20","modified_gmt":"2024-10-20T12:31:20","slug":"vase-rustique-blanc-casse-rond","status":"publish","type":"product","link":"https:\/\/www.signaturebya.com\/?product=vase-rustique-blanc-casse-rond","title":{"rendered":"Vase Rustique Blanc Cass\u00e9 Rond"},"content":{"rendered":"","protected":false},"excerpt":{"rendered":"<p>Ce vase rustique avec une texture externe sabl\u00e9 est \u00e0 placer id\u00e9alement \u00e0 c\u00f4t\u00e9 du grand vase rustique pour un meilleur rendu.<\/p>\n<p>Dimensions:<\/p>\n<p class=\"p1\">22*22 *18 cm<\/p>\n","protected":false},"featured_media":10817,"comment_status":"open","ping_status":"closed","template":"","meta":[],"product_cat":[103,105,104,110,111],"product_tag":[],"_links":{"self":[{"href":"https:\/\/www.signaturebya.com\/index.php?rest_route=\/wp\/v2\/product\/10822"}],"collection":[{"href":"https:\/\/www.signaturebya.com\/index.php?rest_route=\/wp\/v2\/product"}],"about":[{"href":"https:\/\/www.signaturebya.com\/index.php?rest_route=\/wp\/v2\/types\/product"}],"replies":[{"embeddable":true,"href":"https:\/\/www.signaturebya.com\/index.php?rest_route=%2Fwp%2Fv2%2Fcomments&post=10822"}],"wp:featuredmedia":[{"embeddable":true,"href":"https:\/\/www.signaturebya.com\/index.php?rest_route=\/wp\/v2\/media\/10817"}],"wp:attachment":[{"href":"https:\/\/www.signaturebya.com\/index.php?rest_route=%2Fwp%2Fv2%2Fmedia&parent=10822"}],"wp:term":[{"taxonomy":"product_cat","embeddable":true,"href":"https:\/\/www.signaturebya.com\/index.php?rest_route=%2Fwp%2Fv2%2Fproduct_cat&post=10822"},{"taxonomy":"product_tag","embeddable":true,"href":"https:\/\/www.signaturebya.com\/index.php?rest_route=%2Fwp%2Fv2%2Fproduct_tag&post=10822"}],"curies":[{"name":"wp","href":"https:\/\/api.w.org\/{rel}","templated":true}]}}