{"id":10830,"date":"2024-02-07T10:16:12","date_gmt":"2024-02-07T09:16:12","guid":{"rendered":"https:\/\/www.signaturebya.com\/?post_type=product&#038;p=10830"},"modified":"2024-02-07T10:26:53","modified_gmt":"2024-02-07T09:26:53","slug":"vase-abstract-peint-a-la-main","status":"publish","type":"product","link":"https:\/\/www.signaturebya.com\/?product=vase-abstract-peint-a-la-main","title":{"rendered":"Vase &lsquo;Abstract&rsquo; Peint \u00e0 la Main"},"content":{"rendered":"","protected":false},"excerpt":{"rendered":"<p>Vase en c\u00e9ramique peint \u00e0 la main, disponible en deux dimensions:<\/p>\n<p>Dimensions:<\/p>\n<p class=\"p1\">15*15* 32.5 cm<\/p>\n<p class=\"p1\">16.5*16.5*18.5 cm<\/p>\n","protected":false},"featured_media":10836,"comment_status":"open","ping_status":"closed","template":"","meta":[],"product_cat":[103,105,104,110,111],"product_tag":[],"_links":{"self":[{"href":"https:\/\/www.signaturebya.com\/index.php?rest_route=\/wp\/v2\/product\/10830"}],"collection":[{"href":"https:\/\/www.signaturebya.com\/index.php?rest_route=\/wp\/v2\/product"}],"about":[{"href":"https:\/\/www.signaturebya.com\/index.php?rest_route=\/wp\/v2\/types\/product"}],"replies":[{"embeddable":true,"href":"https:\/\/www.signaturebya.com\/index.php?rest_route=%2Fwp%2Fv2%2Fcomments&post=10830"}],"wp:featuredmedia":[{"embeddable":true,"href":"https:\/\/www.signaturebya.com\/index.php?rest_route=\/wp\/v2\/media\/10836"}],"wp:attachment":[{"href":"https:\/\/www.signaturebya.com\/index.php?rest_route=%2Fwp%2Fv2%2Fmedia&parent=10830"}],"wp:term":[{"taxonomy":"product_cat","embeddable":true,"href":"https:\/\/www.signaturebya.com\/index.php?rest_route=%2Fwp%2Fv2%2Fproduct_cat&post=10830"},{"taxonomy":"product_tag","embeddable":true,"href":"https:\/\/www.signaturebya.com\/index.php?rest_route=%2Fwp%2Fv2%2Fproduct_tag&post=10830"}],"curies":[{"name":"wp","href":"https:\/\/api.w.org\/{rel}","templated":true}]}}